{"id":455,"date":"2021-01-10T14:01:37","date_gmt":"2021-01-10T12:01:37","guid":{"rendered":"https:\/\/comppress.de\/?page_id=455"},"modified":"2024-05-21T12:45:18","modified_gmt":"2024-05-21T11:45:18","slug":"helfen-sie-mit","status":"publish","type":"page","link":"https:\/\/comppress.org\/en\/helfen-sie-mit\/","title":{"rendered":"Support us!"},"content":{"rendered":"<div class=\"wp-block-cover alignfull is-light is-position-center-center tw-mt-0\" style=\"min-height:100vh\"><span aria-hidden=\"true\" class=\"wp-block-cover__background has-primary-background-color has-background-dim-20 has-background-dim\"><\/span><img loading=\"lazy\" decoding=\"async\" width=\"1708\" height=\"1926\" class=\"wp-block-cover__image-background wp-image-694\" alt=\"\" src=\"https:\/\/comppress.org\/wp-content\/uploads\/charles-deluvio-AT5vuPoi8vc-unsplash-scaled-e1612101519450.jpg\" style=\"object-position:52% 48%\" data-object-fit=\"cover\" data-object-position=\"52% 48%\" srcset=\"https:\/\/comppress.org\/wp-content\/uploads\/charles-deluvio-AT5vuPoi8vc-unsplash-scaled-e1612101519450.jpg 1708w, https:\/\/comppress.org\/wp-content\/uploads\/charles-deluvio-AT5vuPoi8vc-unsplash-scaled-e1612101519450-266x300.jpg 266w, https:\/\/comppress.org\/wp-content\/uploads\/charles-deluvio-AT5vuPoi8vc-unsplash-scaled-e1612101519450-908x1024.jpg 908w, https:\/\/comppress.org\/wp-content\/uploads\/charles-deluvio-AT5vuPoi8vc-unsplash-scaled-e1612101519450-768x866.jpg 768w, https:\/\/comppress.org\/wp-content\/uploads\/charles-deluvio-AT5vuPoi8vc-unsplash-scaled-e1612101519450-1362x1536.jpg 1362w, https:\/\/comppress.org\/wp-content\/uploads\/charles-deluvio-AT5vuPoi8vc-unsplash-scaled-e1612101519450-1200x1353.jpg 1200w\" sizes=\"(max-width: 1708px) 100vw, 1708px\" \/><div class=\"wp-block-cover__inner-container is-layout-flow wp-block-cover-is-layout-flow\">\n<h1 class=\"wp-block-heading has-text-align-center\"><span style=\"color: #ffffff;background: linear-gradient(to bottom, transparent 50%, #000000 50%)\" class=\"ugb-highlight\">Support us!<\/span><\/h1>\n<\/div><\/div>\n\n\n\n<div class=\"wp-block-group alignfull has-background-background-color has-background is-layout-flow wp-block-group-is-layout-flow\"><div class=\"wp-block-group__inner-container\">\n<div class=\"wp-block-media-text alignwide is-image-fill is-stacked-on-mobile is-style-tw-shadow tw-media-bottom\" style=\"grid-template-columns:38% auto\"><figure class=\"wp-block-media-text__media\" style=\"background-image:url(https:\/\/comppress.org\/wp-content\/uploads\/john-schnobrich-FlPc9_VocJ4-unsplash-1-1024x683.jpg);background-position:51% 72%\"><img loading=\"lazy\" decoding=\"async\" width=\"1024\" height=\"683\" src=\"https:\/\/comppress.org\/wp-content\/uploads\/john-schnobrich-FlPc9_VocJ4-unsplash-1-1024x683.jpg\" alt=\"\" class=\"wp-image-907 size-full\" srcset=\"https:\/\/comppress.org\/wp-content\/uploads\/john-schnobrich-FlPc9_VocJ4-unsplash-1-1024x683.jpg 1024w, https:\/\/comppress.org\/wp-content\/uploads\/john-schnobrich-FlPc9_VocJ4-unsplash-1-300x200.jpg 300w, https:\/\/comppress.org\/wp-content\/uploads\/john-schnobrich-FlPc9_VocJ4-unsplash-1-768x512.jpg 768w, https:\/\/comppress.org\/wp-content\/uploads\/john-schnobrich-FlPc9_VocJ4-unsplash-1-1536x1024.jpg 1536w, https:\/\/comppress.org\/wp-content\/uploads\/john-schnobrich-FlPc9_VocJ4-unsplash-1-1200x800.jpg 1200w, https:\/\/comppress.org\/wp-content\/uploads\/john-schnobrich-FlPc9_VocJ4-unsplash-1.jpg 1920w\" sizes=\"(max-width: 1024px) 100vw, 1024px\" \/><\/figure><div class=\"wp-block-media-text__content\">\n<h4 class=\"wp-block-heading cus-anchor\" id=\"teilen\">Spread the word \u2013 spread the idea<\/h4>\n\n\n\n<p class=\"tw-mb-2 tw-mt-2\" id=\"ox-clipboard-data\">Help us bring our idea to the world!<\/p>\n\n\n\n<p class=\"tw-mb-2 tw-mt-2\">COMPPRESS thrives on the spread of the idea of democratically legitimized, high-quality \njournalism. Be it via social media or in person with friends:&nbsp;<\/p>\n\n\n\n<p class=\"tw-mb-5 tw-mt-2\">help us spread the word - be a proxy for COMPPRESS!<\/p>\n\n\n\n<div class=\"wp-block-wpzoom-blocks-social-icons is-style-with-label-canvas-rounded\" style=\"--wpz-social-icons-block-item-font-size:20px;--wpz-social-icons-block-item-padding-horizontal:5px;--wpz-social-icons-block-item-padding-vertical:5px;--wpz-social-icons-block-item-margin-horizontal:5px;--wpz-social-icons-block-item-margin-vertical:5px;--wpz-social-icons-block-item-border-radius:50px;--wpz-social-icons-block-label-font-size:15px;--wpz-social-icons-block-label-color:#fff;--wpz-social-icons-block-label-color-hover:#fff;--wpz-social-icons-alignment:center\"><a href=\"https:\/\/t.me\/comppressorg\" class=\"social-icon-link\" target=\"_blank\" rel=\"noopener noreferrer\" style=\"--wpz-social-icons-block-item-color:#000000;--wpz-social-icons-block-item-color-hover:#2E3131\"><span class=\"social-icon socicon socicon-telegram\"><\/span><span class=\"icon-label\">Telegram<\/span><\/a><a href=\"https:\/\/www.facebook.com\/Comppressorg\" class=\"social-icon-link\" target=\"_blank\" rel=\"noopener noreferrer\" style=\"--wpz-social-icons-block-item-color:#000000;--wpz-social-icons-block-item-color-hover:#2E3131\"><span class=\"social-icon socicon socicon-facebook\"><\/span><span class=\"icon-label\">Facebook<\/span><\/a><a href=\"https:\/\/twitter.com\/ComppressOrg\" class=\"social-icon-link\" target=\"_blank\" rel=\"noopener noreferrer\" style=\"--wpz-social-icons-block-item-color:#000000;--wpz-social-icons-block-item-color-hover:#2E3131\"><span class=\"social-icon socicon socicon-twitter\"><\/span><span class=\"icon-label\">Twitter<\/span><\/a><a href=\"https:\/\/www.instagram.com\/comppressorg\/\" class=\"social-icon-link\" target=\"_blank\" rel=\"noopener noreferrer\" style=\"--wpz-social-icons-block-item-color:#000000;--wpz-social-icons-block-item-color-hover:#2E3131\"><span class=\"social-icon socicon socicon-instagram\"><\/span><span class=\"icon-label\">Instagram<\/span><\/a><a href=\"https:\/\/github.com\/comppress\" class=\"social-icon-link\" target=\"_blank\" rel=\"noopener noreferrer\" style=\"--wpz-social-icons-block-item-color:#000000;--wpz-social-icons-block-item-color-hover:#2E3131\"><span class=\"social-icon socicon socicon-github\"><\/span><span class=\"icon-label\">Github<\/span><\/a><\/div>\n\n\n\n<p><\/p>\n<\/div><\/div>\n<\/div><\/div>\n\n\n\n<div class=\"wp-block-group alignfull is-layout-flow wp-block-group-is-layout-flow\"><div class=\"wp-block-group__inner-container\">\n<div class=\"wp-block-media-text alignwide has-media-on-the-right is-stacked-on-mobile is-vertically-aligned-center tw-mt-5 cus-anchor is-style-default has-background-background-color has-background tw-stack-md\" style=\"grid-template-columns:auto 28%\" id=\"mitglied\"><figure class=\"wp-block-media-text__media\"><img loading=\"lazy\" decoding=\"async\" width=\"996\" height=\"1024\" src=\"https:\/\/comppress.org\/wp-content\/uploads\/chris-liverani-9cd8qOgeNIY-unsplash-scaled-e1618053702388-996x1024.jpg\" alt=\"\" class=\"wp-image-524\" srcset=\"https:\/\/comppress.org\/wp-content\/uploads\/chris-liverani-9cd8qOgeNIY-unsplash-scaled-e1618053702388-996x1024.jpg 996w, https:\/\/comppress.org\/wp-content\/uploads\/chris-liverani-9cd8qOgeNIY-unsplash-scaled-e1618053702388-292x300.jpg 292w, https:\/\/comppress.org\/wp-content\/uploads\/chris-liverani-9cd8qOgeNIY-unsplash-scaled-e1618053702388-768x789.jpg 768w, https:\/\/comppress.org\/wp-content\/uploads\/chris-liverani-9cd8qOgeNIY-unsplash-scaled-e1618053702388-1494x1536.jpg 1494w, https:\/\/comppress.org\/wp-content\/uploads\/chris-liverani-9cd8qOgeNIY-unsplash-scaled-e1618053702388-1200x1233.jpg 1200w, https:\/\/comppress.org\/wp-content\/uploads\/chris-liverani-9cd8qOgeNIY-unsplash-scaled-e1618053702388.jpg 1612w\" sizes=\"(max-width: 996px) 100vw, 996px\" \/><\/figure><div class=\"wp-block-media-text__content\">\n\n<h4 class=\"cus-anchor wp-block-heading\" id=\"mitarbeiten\">Come work for us - shape the change<\/h4>\n\n\n<p class=\"tw-mb-2 tw-mt-2\" id=\"ox-clipboard-data\">COMPPRESS needs your support!<\/p>\n\n\n<p class=\"tw-mb-2 tw-mt-2\">As a <strong>contributor<\/strong> you will have a direct impact on the future design of COMPPRESS!\nThere\u2019s lots to do, be it in human resources, infrastructure, international affairs, \nmedia work and public relations, finance, law or IT, everyone who wants to help \nshape COMPRESS will find their place with us.\u00a0<\/p>\n\n\n<p class=\"tw-mb-2 tw-mt-2\"><strong>We are looking especially for IT support: Do you have IT skills \u2013 especially in \nAndroid and <\/strong><strong>iOS<\/strong><strong> development, in Java backend, server administration or <\/strong><strong>IT-Security<\/strong><strong> \u2013 and want to support our idea? Then we look forward to hearing from \nyou. Get involved!<\/strong><\/p>\n\n\n<p class=\"has-text-align-left tw-mb-2 tw-mt-2\">Want to be part of the team? <br>Then write to us at <a href=\"mailto:info@comppress.org\">info@comppress.org<\/a>.<\/p>\n\n\n<p class=\"tw-mb-5 tw-mt-2\">COMPPRESS needs drive and development - be a part of it!<\/p>\n\n\n<div class=\"wp-block-wpzoom-blocks-social-icons is-style-with-label-canvas-rounded\" style=\"--wpz-social-icons-block-item-font-size:29px;--wpz-social-icons-block-item-padding-horizontal:16px;--wpz-social-icons-block-item-padding-vertical:5px;--wpz-social-icons-block-item-margin-horizontal:16px;--wpz-social-icons-block-item-margin-vertical:5px;--wpz-social-icons-block-item-border-radius:50px;--wpz-social-icons-block-label-font-size:18px;--wpz-social-icons-block-label-color:#fff;--wpz-social-icons-block-label-color-hover:#fff;--wpz-social-icons-alignment:center\"><a href=\"https:\/\/github.com\/comppress\" class=\"social-icon-link\" target=\"_blank\" rel=\"noopener noreferrer\" style=\"--wpz-social-icons-block-item-color:#000000;--wpz-social-icons-block-item-color-hover:#2E3131\"><span class=\"social-icon socicon socicon-github\"><\/span><span class=\"icon-label\">Github<\/span><\/a><\/div>\n\n<\/div><\/div>\n<\/div><\/div>\n\n\n\n<div class=\"wp-block-group alignfull is-layout-flow wp-block-group-is-layout-flow\"><div class=\"wp-block-group__inner-container\">\n<div class=\"wp-block-media-text alignwide is-vertically-aligned-top is-stacked-on-mobile\" style=\"grid-template-columns:22% auto\"><figure class=\"wp-block-media-text__media\"><img loading=\"lazy\" decoding=\"async\" width=\"819\" height=\"1024\" src=\"https:\/\/comppress.org\/wp-content\/uploads\/diego-ph-SZYreZsJ-fE-unsplash-819x1024.jpg\" alt=\"\" class=\"wp-image-908 size-full\" srcset=\"https:\/\/comppress.org\/wp-content\/uploads\/diego-ph-SZYreZsJ-fE-unsplash-819x1024.jpg 819w, https:\/\/comppress.org\/wp-content\/uploads\/diego-ph-SZYreZsJ-fE-unsplash-240x300.jpg 240w, https:\/\/comppress.org\/wp-content\/uploads\/diego-ph-SZYreZsJ-fE-unsplash-768x960.jpg 768w, https:\/\/comppress.org\/wp-content\/uploads\/diego-ph-SZYreZsJ-fE-unsplash-1229x1536.jpg 1229w, https:\/\/comppress.org\/wp-content\/uploads\/diego-ph-SZYreZsJ-fE-unsplash-1638x2048.jpg 1638w, https:\/\/comppress.org\/wp-content\/uploads\/diego-ph-SZYreZsJ-fE-unsplash-1200x1500.jpg 1200w, https:\/\/comppress.org\/wp-content\/uploads\/diego-ph-SZYreZsJ-fE-unsplash.jpg 1920w\" sizes=\"(max-width: 819px) 100vw, 819px\" \/><\/figure><div class=\"wp-block-media-text__content\">\n<h4 class=\"wp-block-heading cus-anchor\" id=\"f\u00f6rdern\">F\u00f6rdern &#8211; Unterst\u00fctzen Sie eine klare Vision<\/h4>\n\n\n\n<p id=\"ox-clipboard-data\">COMPPRESS soll schnellst m\u00f6glichst startf\u00e4hig werden &#8211; helfen Sie uns bei diesem Vorhaben!<\/p>\n\n\n\n<p>W\u00e4hrend der Aufbau- und Wachstumsphasen des Projekts erm\u00f6glichen uns finanzielle Beitr\u00e4ge die Deckung laufender Kosten f\u00fcr Server und anderer notwendiger Ausgaben, sodass wir unsere Ziele erreichen k\u00f6nnen.<\/p>\n\n\n\n<p>Support COMPPRESS and promote high-quality journalism!<\/p>\n\n\n\n<p>Aktuell besteht die M\u00f6glichkeit COMPPRESS per \u00dcberweisung finanziell zu unterst\u00fctzen. Die Unterst\u00fctzung per PayPal folgt in K\u00fcrze.<\/p>\n<\/div><\/div>\n\n\n\n<div class=\"alignwide wp-block-ugb-columns ugb-columns ugb-44b95e1 ugb-columns--design-plain ugb-columns--columns-2 ugb-main-block\"><style>@media screen and (min-width:768px){.ugb-44b95e1.ugb-columns{margin-bottom:25px !important}}<\/style><div class=\"ugb-inner-block\"><div class=\"ugb-block-content\"><div class=\"ugb-columns__item ugb-44b95e1-content-wrapper\">\n<div class=\"wp-block-ugb-column ugb-column ugb-e831e99 ugb-column--design-basic ugb-main-block\"><div class=\"ugb-inner-block\"><div class=\"ugb-block-content\"><div class=\"ugb-column__item ugb-e831e99-column-wrapper ugb--shadow-5\"><div class=\"ugb-column__content-wrapper\">\n<p><span style=\"color: #222222;\" class=\"ugb-highlight\"><strong>Bank Transfer<\/strong><\/span><\/p>\n\n\n\n<div class=\"wp-block-ugb-columns ugb-columns ugb-9b0df4c ugb-columns--design-plain ugb-columns--columns-2 ugb-main-block ugb--hide-mobile\"><style>.ugb-9b0df4c > .ugb-inner-block > .ugb-block-content > .ugb-columns__item{grid-template-columns:0.40fr 1.66fr !important}<\/style><div class=\"ugb-inner-block\"><div class=\"ugb-block-content\"><div class=\"ugb-columns__item ugb-9b0df4c-content-wrapper\">\n<div class=\"wp-block-ugb-column ugb-column ugb-8f01416 ugb-column--design-plain ugb-main-block\"><div class=\"ugb-inner-block\"><div class=\"ugb-block-content\"><div class=\"ugb-column__item ugb-8f01416-column-wrapper\"><div class=\"ugb-column__content-wrapper\">\n<p>Holder:<br>IBAN:<br>BIC:<\/p>\n<\/div><\/div><\/div><\/div><\/div>\n\n\n\n<div class=\"wp-block-ugb-column ugb-column ugb-54950ea ugb-column--design-plain ugb-main-block\"><div class=\"ugb-inner-block\"><div class=\"ugb-block-content\"><div class=\"ugb-column__item ugb-54950ea-column-wrapper\"><div class=\"ugb-column__content-wrapper\">\n<p>COMPPRESS UG (haftungsbeschr\u00e4nkt)<br>DE66 3907 0210 0053 5427 00<br>PBNKDEFF<\/p>\n<\/div><\/div><\/div><\/div><\/div>\n<\/div><\/div><\/div><\/div>\n\n\n\n<div class=\"wp-block-ugb-text ugb-text ugb-3d05b14 ugb-text--design-plain ugb-text--columns-1 ugb-main-block ugb--hide-desktop\"><div class=\"ugb-inner-block\"><div class=\"ugb-block-content\"><div class=\"ugb-text__text-wrapper\"><div class=\"ugb-text__text\"><p class=\"ugb-text__text-1\"><strong>Holder:<\/strong> COMPPRESS UG<br><strong>IBAN:<\/strong> DE66 3907 0210 0053 5427 00<br><strong>BIC:<\/strong> PBNKDEFF<\/p><\/div><\/div><\/div><\/div><\/div>\n<\/div><\/div><\/div><\/div><\/div>\n\n\n\n<div class=\"wp-block-ugb-column ugb-column ugb-4cd38ac ugb-column--design-basic ugb-main-block\"><div class=\"ugb-inner-block\"><div class=\"ugb-block-content\"><div class=\"ugb-column__item ugb-4cd38ac-column-wrapper ugb--shadow-5\"><div class=\"ugb-column__content-wrapper\">\n<p><strong>Bald verf\u00fcgbar<\/strong><\/p>\n\n\n\n<div class=\"wp-block-columns tw-gutter-no is-layout-flex wp-container-core-columns-layout-1 wp-block-columns-is-layout-flex\">\n<div class=\"wp-block-column is-layout-flow wp-block-column-is-layout-flow\" style=\"--col-width:25%;flex-basis:25%\">\n<figure class=\"wp-block-image size-large\"><img loading=\"lazy\" decoding=\"async\" width=\"100\" height=\"26\" src=\"https:\/\/comppress.org\/wp-content\/uploads\/de-pp-logo-100px.png\" alt=\"\" class=\"wp-image-1080\"\/><\/figure>\n<\/div>\n<\/div>\n<\/div><\/div><\/div><\/div><\/div>\n<\/div><\/div><\/div><\/div>\n<\/div><\/div>","protected":false},"excerpt":{"rendered":"<p>Spread the word \u2013 verbreiten Sie die Idee Unterst\u00fctzen Sie uns dabei, unsere Idee in die Welt zu tragen! COMPPRESS lebt von der Verbreitung der Idee des demokratisch legitimierten, qualitativ hochwertigen Journalismus. Ob \u00fcber Social Media oder pers\u00f6nlich unter Freunden:&nbsp; Helfen Sie uns bei der Weitergabe &#8211; seien Sie Mittler von COMPPRESS! Werden Sie Mitwirkender&hellip;<\/p>","protected":false},"author":1,"featured_media":0,"parent":0,"menu_order":0,"comment_status":"closed","ping_status":"closed","template":"tw-header-transparent-light.php","meta":{"footnotes":""},"featured_image_urls":{"full":"","thumbnail":"","medium":"","medium_large":"","large":"","1536x1536":"","2048x2048":"","trp-custom-language-flag":"","post-thumbnail":"","twentytwenty-fullscreen":""},"post_excerpt_stackable":"<p>Helfen Sie mit! Spread the word \u2013 verbreiten Sie die Idee Unterst\u00fctzen Sie uns dabei, unsere Idee in die Welt zu tragen! COMPPRESS lebt von der Verbreitung der Idee des demokratisch legitimierten, qualitativ hochwertigen Journalismus. Ob \u00fcber Social Media oder pers\u00f6nlich unter Freunden:&nbsp; Helfen Sie uns bei der Weitergabe &#8211; seien Sie Mittler von COMPPRESS! TelegramFacebookTwitterInstagramGithub Werden Sie Mitwirkender \u2013 gestalten Sie die Ver\u00e4nderung COMPPRESS braucht Ihre Unterst\u00fctzung! Als Mitwirkender haben Sie direkten Einfluss auf die Gestaltung von COMPPRESS der Zukunft! Es gibt sehr viel zu tun; ob in den Bereichen Personalwesen, Infrastruktur, Internationales, Presse- und \u00d6ffentlichkeitsarbeit, Finanzen, Recht oder&hellip;<\/p>\n","category_list":"","author_info":{"name":"WordpressAdmin","url":"https:\/\/comppress.org\/en\/author\/wordpressadmin\/"},"comments_num":"0 comments","yoast_head":"<!-- This site is optimized with the Yoast SEO plugin v22.0 - https:\/\/yoast.com\/wordpress\/plugins\/seo\/ -->\n<title>COMPPRESS | Helfen Sie mit!<\/title>\n<meta name=\"robots\" content=\"index, follow, max-snippet:-1, max-image-preview:large, max-video-preview:-1\" \/>\n<link rel=\"canonical\" href=\"https:\/\/comppress.org\/en\/helfen-sie-mit\/\" \/>\n<meta property=\"og:locale\" content=\"en_US\" \/>\n<meta property=\"og:type\" content=\"article\" \/>\n<meta property=\"og:title\" content=\"COMPPRESS | Helfen Sie mit!\" \/>\n<meta property=\"og:description\" content=\"Spread the word \u2013 verbreiten Sie die Idee Unterst\u00fctzen Sie uns dabei, unsere Idee in die Welt zu tragen! COMPPRESS lebt von der Verbreitung der Idee des demokratisch legitimierten, qualitativ hochwertigen Journalismus. Ob \u00fcber Social Media oder pers\u00f6nlich unter Freunden:&nbsp; Helfen Sie uns bei der Weitergabe &#8211; seien Sie Mittler von COMPPRESS! Werden Sie Mitwirkender&hellip;\" \/>\n<meta property=\"og:url\" content=\"https:\/\/comppress.org\/en\/helfen-sie-mit\/\" \/>\n<meta property=\"og:site_name\" content=\"COMPPRESS\" \/>\n<meta property=\"article:modified_time\" content=\"2024-05-21T11:45:18+00:00\" \/>\n<meta property=\"og:image\" content=\"https:\/\/comppress.org\/wp-content\/uploads\/charles-deluvio-AT5vuPoi8vc-unsplash-scaled-e1612101519450.jpg\" \/>\n<meta name=\"twitter:card\" content=\"summary_large_image\" \/>\n<meta name=\"twitter:label1\" content=\"Est. reading time\" \/>\n\t<meta name=\"twitter:data1\" content=\"3 minutes\" \/>\n<script type=\"application\/ld+json\" class=\"yoast-schema-graph\">{\"@context\":\"https:\/\/schema.org\",\"@graph\":[{\"@type\":\"WebPage\",\"@id\":\"https:\/\/comppress.org\/helfen-sie-mit\/\",\"url\":\"https:\/\/comppress.org\/helfen-sie-mit\/\",\"name\":\"COMPPRESS | Helfen Sie mit!\",\"isPartOf\":{\"@id\":\"https:\/\/comppress.org\/#website\"},\"datePublished\":\"2021-01-10T12:01:37+00:00\",\"dateModified\":\"2024-05-21T11:45:18+00:00\",\"breadcrumb\":{\"@id\":\"https:\/\/comppress.org\/helfen-sie-mit\/#breadcrumb\"},\"inLanguage\":\"en-US\",\"potentialAction\":[{\"@type\":\"ReadAction\",\"target\":[\"https:\/\/comppress.org\/helfen-sie-mit\/\"]}]},{\"@type\":\"BreadcrumbList\",\"@id\":\"https:\/\/comppress.org\/helfen-sie-mit\/#breadcrumb\",\"itemListElement\":[{\"@type\":\"ListItem\",\"position\":1,\"name\":\"Home\",\"item\":\"https:\/\/comppress.org\/\"},{\"@type\":\"ListItem\",\"position\":2,\"name\":\"Helfen Sie mit!\"}]},{\"@type\":\"WebSite\",\"@id\":\"https:\/\/comppress.org\/#website\",\"url\":\"https:\/\/comppress.org\/\",\"name\":\"COMPPRESS\",\"description\":\"Verpflichten Sie Journalismus zu Qualit\u00e4t.\",\"publisher\":{\"@id\":\"https:\/\/comppress.org\/#organization\"},\"potentialAction\":[{\"@type\":\"SearchAction\",\"target\":{\"@type\":\"EntryPoint\",\"urlTemplate\":\"https:\/\/comppress.org\/?s={search_term_string}\"},\"query-input\":\"required name=search_term_string\"}],\"inLanguage\":\"en-US\"},{\"@type\":\"Organization\",\"@id\":\"https:\/\/comppress.org\/#organization\",\"name\":\"COMPPRESS e.V.\",\"url\":\"https:\/\/comppress.org\/\",\"logo\":{\"@type\":\"ImageObject\",\"inLanguage\":\"en-US\",\"@id\":\"https:\/\/comppress.org\/#\/schema\/logo\/image\/\",\"url\":\"https:\/\/comppress.org\/wp-content\/uploads\/COMP_PRESS.png\",\"contentUrl\":\"https:\/\/comppress.org\/wp-content\/uploads\/COMP_PRESS.png\",\"width\":512,\"height\":512,\"caption\":\"COMPPRESS e.V.\"},\"image\":{\"@id\":\"https:\/\/comppress.org\/#\/schema\/logo\/image\/\"}}]}<\/script>\n<!-- \/ Yoast SEO plugin. -->","yoast_head_json":{"title":"COMPPRESS | Helfen Sie mit!","robots":{"index":"index","follow":"follow","max-snippet":"max-snippet:-1","max-image-preview":"max-image-preview:large","max-video-preview":"max-video-preview:-1"},"canonical":"https:\/\/comppress.org\/en\/helfen-sie-mit\/","og_locale":"en_US","og_type":"article","og_title":"COMPPRESS | Helfen Sie mit!","og_description":"Spread the word \u2013 verbreiten Sie die Idee Unterst\u00fctzen Sie uns dabei, unsere Idee in die Welt zu tragen! COMPPRESS lebt von der Verbreitung der Idee des demokratisch legitimierten, qualitativ hochwertigen Journalismus. Ob \u00fcber Social Media oder pers\u00f6nlich unter Freunden:&nbsp; Helfen Sie uns bei der Weitergabe &#8211; seien Sie Mittler von COMPPRESS! Werden Sie Mitwirkender&hellip;","og_url":"https:\/\/comppress.org\/en\/helfen-sie-mit\/","og_site_name":"COMPPRESS","article_modified_time":"2024-05-21T11:45:18+00:00","og_image":[{"url":"https:\/\/comppress.org\/wp-content\/uploads\/charles-deluvio-AT5vuPoi8vc-unsplash-scaled-e1612101519450.jpg"}],"twitter_card":"summary_large_image","twitter_misc":{"Est. reading time":"3 minutes"},"schema":{"@context":"https:\/\/schema.org","@graph":[{"@type":"WebPage","@id":"https:\/\/comppress.org\/helfen-sie-mit\/","url":"https:\/\/comppress.org\/helfen-sie-mit\/","name":"COMPPRESS | Helfen Sie mit!","isPartOf":{"@id":"https:\/\/comppress.org\/#website"},"datePublished":"2021-01-10T12:01:37+00:00","dateModified":"2024-05-21T11:45:18+00:00","breadcrumb":{"@id":"https:\/\/comppress.org\/helfen-sie-mit\/#breadcrumb"},"inLanguage":"en-US","potentialAction":[{"@type":"ReadAction","target":["https:\/\/comppress.org\/helfen-sie-mit\/"]}]},{"@type":"BreadcrumbList","@id":"https:\/\/comppress.org\/helfen-sie-mit\/#breadcrumb","itemListElement":[{"@type":"ListItem","position":1,"name":"Home","item":"https:\/\/comppress.org\/"},{"@type":"ListItem","position":2,"name":"Helfen Sie mit!"}]},{"@type":"WebSite","@id":"https:\/\/comppress.org\/#website","url":"https:\/\/comppress.org\/","name":"COMPPRESS","description":"Verpflichten Sie Journalismus zu Qualit\u00e4t.","publisher":{"@id":"https:\/\/comppress.org\/#organization"},"potentialAction":[{"@type":"SearchAction","target":{"@type":"EntryPoint","urlTemplate":"https:\/\/comppress.org\/?s={search_term_string}"},"query-input":"required name=search_term_string"}],"inLanguage":"en-US"},{"@type":"Organization","@id":"https:\/\/comppress.org\/#organization","name":"COMPPRESS e.V.","url":"https:\/\/comppress.org\/","logo":{"@type":"ImageObject","inLanguage":"en-US","@id":"https:\/\/comppress.org\/#\/schema\/logo\/image\/","url":"https:\/\/comppress.org\/wp-content\/uploads\/COMP_PRESS.png","contentUrl":"https:\/\/comppress.org\/wp-content\/uploads\/COMP_PRESS.png","width":512,"height":512,"caption":"COMPPRESS e.V."},"image":{"@id":"https:\/\/comppress.org\/#\/schema\/logo\/image\/"}}]}},"_links":{"self":[{"href":"https:\/\/comppress.org\/en\/wp-json\/wp\/v2\/pages\/455"}],"collection":[{"href":"https:\/\/comppress.org\/en\/wp-json\/wp\/v2\/pages"}],"about":[{"href":"https:\/\/comppress.org\/en\/wp-json\/wp\/v2\/types\/page"}],"author":[{"embeddable":true,"href":"https:\/\/comppress.org\/en\/wp-json\/wp\/v2\/users\/1"}],"replies":[{"embeddable":true,"href":"https:\/\/comppress.org\/en\/wp-json\/wp\/v2\/comments?post=455"}],"version-history":[{"count":88,"href":"https:\/\/comppress.org\/en\/wp-json\/wp\/v2\/pages\/455\/revisions"}],"predecessor-version":[{"id":1667,"href":"https:\/\/comppress.org\/en\/wp-json\/wp\/v2\/pages\/455\/revisions\/1667"}],"wp:attachment":[{"href":"https:\/\/comppress.org\/en\/wp-json\/wp\/v2\/media?parent=455"}],"curies":[{"name":"wp","href":"https:\/\/api.w.org\/{rel}","templated":true}]}}