{"id":28,"date":"2020-10-17T09:12:21","date_gmt":"2020-10-17T08:12:21","guid":{"rendered":"https:\/\/comppress.de\/index.php\/colibri-wp\/"},"modified":"2022-06-04T09:13:42","modified_gmt":"2022-06-04T08:13:42","slug":"die-idee","status":"publish","type":"page","link":"https:\/\/comppress.org\/en\/die-idee\/","title":{"rendered":"The Idea"},"content":{"rendered":"<div class=\"wp-block-cover alignfull has-background-dim-50 has-primary-background-color has-background-dim is-position-center-center tw-mt-0 is-style-tw-shadow\" style=\"background-image:url(https:\/\/comppress.org\/wp-content\/uploads\/gilles-lambert-pb_lF8VWaPU-unsplash-unsplash.comIphotosIpb_lF8VWaPU-5-scaled.jpg);background-position:49% 31%;min-height:100vh\"><div class=\"wp-block-cover__inner-container is-layout-flow wp-block-cover-is-layout-flow\">\n<div class=\"wp-block-group\"><div class=\"wp-block-group__inner-container is-layout-flow wp-block-group-is-layout-flow\">\n<h2 class=\"has-text-align-center has-h-1-font-size wp-block-heading\"> Committing Journalism to Quality<\/h2>\n\n\n\n<p><\/p>\n<\/div><\/div>\n<\/div><\/div>\n\n\n\n<div class=\"wp-block-group alignfull\"><div class=\"wp-block-group__inner-container is-layout-flow wp-block-group-is-layout-flow\">\n<div class=\"wp-block-media-text alignwide has-media-on-the-right is-stacked-on-mobile tw-stack-md\" style=\"grid-template-columns:auto 30%\"><figure class=\"wp-block-media-text__media\"><img loading=\"lazy\" decoding=\"async\" width=\"683\" height=\"1024\" src=\"https:\/\/comppress.org\/wp-content\/uploads\/rene-bohmer-aqoyYtM81Tg-unsplash-683x1024.jpg\" alt=\"\" class=\"wp-image-911\" srcset=\"https:\/\/comppress.org\/wp-content\/uploads\/rene-bohmer-aqoyYtM81Tg-unsplash-683x1024.jpg 683w, https:\/\/comppress.org\/wp-content\/uploads\/rene-bohmer-aqoyYtM81Tg-unsplash-200x300.jpg 200w, https:\/\/comppress.org\/wp-content\/uploads\/rene-bohmer-aqoyYtM81Tg-unsplash-768x1152.jpg 768w, https:\/\/comppress.org\/wp-content\/uploads\/rene-bohmer-aqoyYtM81Tg-unsplash-1024x1536.jpg 1024w, https:\/\/comppress.org\/wp-content\/uploads\/rene-bohmer-aqoyYtM81Tg-unsplash-1365x2048.jpg 1365w, https:\/\/comppress.org\/wp-content\/uploads\/rene-bohmer-aqoyYtM81Tg-unsplash-1200x1800.jpg 1200w, https:\/\/comppress.org\/wp-content\/uploads\/rene-bohmer-aqoyYtM81Tg-unsplash-scaled.jpg 1707w\" sizes=\"(max-width: 683px) 100vw, 683px\" \/><\/figure><div class=\"wp-block-media-text__content\">\n<h4 class=\"cus-anchor wp-block-heading\" id=\"herausforderung\">The challenge \u2013 the foundation of our mission<\/h4>\n\n\n\n<p class=\"tw-mb-2 tw-mt-2\" id=\"ox-clipboard-data\">A functioning democratic society needs high-quality journalism; \u201cit is an eminent \u2018factor\u2019 in the formation of public opinion\u201d. BVerfG, 28.02.1961 \u2013 2 BvG 1\/60 und 2\/60<\/p>\n\n\n\n<p class=\"tw-mb-2 tw-mt-2 translation-block\">We believe this principle is <strong>under threat<\/strong> from two structural phenomena:<\/p>\n\n\n\n<ul class=\"tw-mb-2 tw-mt-2\"><li><strong>Ethical dilemma<\/strong>: Media producers have to balance the need to meet their <a rel=\"noreferrer noopener\" href=\"https:\/\/comppress.org\/en\/wiki-verlinkung-1a\/\" target=\"_blank\">own ethical standards<\/a> with the need <a href=\"https:\/\/comppress.org\/en\/wiki-verlinkung-1b-2\/\" target=\"_blank\" rel=\"noreferrer noopener\">to finance themselves.<\/a> Many media products are designed primarily with financial interests (paid advertising, clickbait, etc.) in mind which are often <a rel=\"noreferrer noopener\" href=\"https:\/\/comppress.org\/en\/wiki-verlinkung-1c-handlungsmaximen\/\" target=\"_blank\">not compatible with high-quality journalism<\/a>.<\/li><li><strong>Excess<\/strong>: the media consumer is confronted with an almost infinite amount of information that is almost impossible to get a handle on without external control.<\/li><\/ul>\n\n\n\n<p class=\"tw-mb-2 tw-mt-2\">This leads to a chain of negative <strong>Consequences<\/strong>:<\/p>\n\n\n\n<ul class=\"tw-mb-2 tw-mt-2\"><li class=\" translation-block\">the media consumer is <strong>insufficiently informed<\/strong> about politics and society<\/li><li class=\" translation-block\">and thus leans more toward a <strong>distorted worldview<\/strong>,<\/li><li>which equates to an individual\u2019s <strong>own free will being modified without their control.<\/strong><\/li><\/ul>\n\n\n\n<p class=\"tw-mb-2 tw-mt-2\">This can result in destructive political decisions that are not fully understood by the \npopulation, but are nevertheless democratically legitimized. This state of affairs can \nbe viewed as an illegitimate reduction in the power of the people.<\/p>\n<\/div><\/div>\n<\/div><\/div>\n\n\n\n<blockquote class=\"alignwide wp-block-ugb-blockquote ugb-blockquote ugb-110af1f ugb-blockquote--v3 ugb-blockquote--design-plain ugb-main-block\"><style>.ugb-110af1f .ugb-blockquote__quote{width:70px !important;height:70px !important}.ugb-110af1f .ugb-blockquote__text{font-size:18px !important}.ugb-110af1f .ugb-inner-block{text-align:left}<\/style><div class=\"ugb-inner-block\"><div class=\"ugb-block-content\"><div class=\"ugb-blockquote__item\"><svg viewbox=\"0 0 50 50\" xmlns=\"http:\/\/www.w3.org\/2000\/svg\" class=\"ugb-blockquote__quote\" width=\"70\" height=\"70\"><path d=\"M9.4 14.6c-2.4 2.9-3.6 5.9-3.6 8.9 0 1.3.2 2.4.5 3.3 1.8-1.4 3.8-2.1 6-2.1 2.9 0 5.3.9 7.3 2.7 2 1.8 3 4.2 3 7.3 0 1.9-.5 3.6-1.4 5.1-.9 1.5-2.2 2.7-3.8 3.6s-3.3 1.3-5.1 1.3c-4.1 0-7.3-1.6-9.5-4.9C.9 36.9 0 33.5 0 29.4c0-5.2 1.4-9.9 4.1-14 2.8-4.1 6.9-7.5 12.5-10l1.5 2.8c-3.3 1.3-6.2 3.5-8.7 6.4zm27.5 0c-2.4 2.9-3.6 5.9-3.6 8.9 0 1.3.2 2.4.5 3.3 1.8-1.4 3.8-2.1 6-2.1 2.9 0 5.4.9 7.4 2.7 2 1.8 3 4.2 3 7.3 0 2.8-1 5.2-3 7.1-2 1.9-4.4 2.9-7.3 2.9-4.1 0-7.3-1.6-9.5-4.9-1.8-2.7-2.8-6.2-2.8-10.3 0-5.2 1.4-9.9 4.1-14 2.8-4.1 6.9-7.5 12.5-10l1.5 2.8c-3.5 1.2-6.4 3.4-8.8 6.3z\"><\/path><\/svg><div class=\"ugb-blockquote__content\"><p class=\"ugb-blockquote__text\">\u201e<em>\u201c[T]he radio, like <strong>the press<\/strong>, is an indispensable modern means of mass communication which <strong>influences and helps shape public opinion<\/strong>. Radio is more than just a \u2018medium\u2019 for forming public opinion; <strong>it is an eminent \u2018factor\u2019 in the formation of public opinion.<\/strong>\u201d<\/em><br><em>(Federal Constitutional Court (BVerfG) \"Broadcasting-Decision\" (Rundfunk-Urteil), Feb. 28th 1961, Cases 2 BvG 1\/60 and 2 BvG 2\/60)<\/em><\/p><\/div><\/div><\/div><\/div><\/blockquote>\n\n\n\n<div class=\"wp-block-group alignfull\"><div class=\"wp-block-group__inner-container is-layout-flow wp-block-group-is-layout-flow\">\n<div class=\"wp-block-columns alignwide are-vertically-aligned-center tw-cols-stack-md is-layout-flex wp-container-core-columns-layout-1 wp-block-columns-is-layout-flex\">\n<div class=\"wp-block-column is-vertically-aligned-center is-layout-flow wp-block-column-is-layout-flow\">\n<h4 class=\"cus-anchor wp-block-heading\" id=\"konzept\">The concept  \u2013 our solution<\/h4>\n\n\n\n<p class=\"tw-mb-2 tw-mt-2\">COMPPRESS is the answer to these challenges, putting the emphasis on quality and presenting the wealth of information clearly in a single app!<\/p>\n\n\n\n<p class=\"tw-mb-2 tw-mt-2 translation-block\"><strong>In Theory<\/strong><\/p>\n\n\n\n<ul class=\"tw-mb-2 tw-mt-2\"><li>Connecting the motivation for financial gain with the desire to maximize quality so that<\/li><li>profit is not maximized at the expense of quality and vice versa.<\/li><\/ul>\n\n\n\n<p class=\"tw-mb-2 tw-mt-2 translation-block\"><strong>In Practice<\/strong><\/p>\n\n\n\n<ul id=\"ox-clipboard-data\" class=\"tw-mb-2 tw-mt-2\"><li class=\" translation-block\">Using a <strong>rating system<\/strong> for users where<\/li><li class=\" translation-block\">news items with good ratings are <strong>easier to see in the app<\/strong>, while news items with poor ratings are harder to see, meaning<\/li><li class=\" translation-block\"><strong>better quality news<\/strong> generates more money through more clicks for the media producer, making it<\/li><li>for the media producer <strong>financially worthwhile <a href=\"https:\/\/comppress.org\/en\/wiki-verlinkung-2-einordnung-loesung\/\" target=\"_blank\" rel=\"noreferrer noopener\">to produce high-quality news<\/a><\/strong> , thereby<\/li><li>making the quality of journalistic products the most significant financial incentive over time.<\/li><\/ul>\n\n\n\n<p class=\"tw-mb-2 tw-mt-2 translation-block\">This leads to a chain of <strong>positive consequences<\/strong>:<\/p>\n\n\n\n<ul id=\"ox-clipboard-data\" class=\"tw-mb-2 tw-mt-2\"><li class=\" translation-block\">individuals are <strong>adequately informed<\/strong> about politics and society<\/li><li class=\" translation-block\">and thus lean less toward a<strong>distorted worldview<\/strong>,<\/li><li class=\" translation-block\">meaning the individual is\n<strong>more independent in their decision-making process.<\/strong><\/li><\/ul>\n\n\n\n<p class=\"tw-mb-2 tw-mt-2 translation-block\" id=\"ox-clipboard-data\">The societal implications\ncan be <strong>constructive political decisions<\/strong> in the democratic process and, above all, successful democratic control of politics - by influencing the flow of information themselves, the power of the democratic system also remains with the people.<\/p>\n\n\n\n<p class=\"tw-mb-2 tw-mt-2\">This is how COMPPRESS promotes\nthe press's mission as a watchdog of society.<\/p>\n<\/div>\n\n\n\n<div class=\"wp-block-column is-vertically-aligned-center is-layout-flow wp-block-column-is-layout-flow\" style=\"--col-width:34.6;flex-basis:34.6%\">\n<div class=\"wp-block-group has-white-background-color has-background tw-shadow\"><div class=\"wp-block-group__inner-container is-layout-flow wp-block-group-is-layout-flow\">\n<p>The COMPPRESS platform<\/p>\n\n\n\n<ul class=\"is-style-tw-dash\"><li class=\" translation-block\"><strong>provides<\/strong> a democratically developed and independent <strong>basis for decision-making<\/strong> that allows journalistic products to be used individually<\/li><li class=\" translation-block\"><strong>rewards high-quality publications<\/strong> with higher traffic numbers<\/li><li class=\" translation-block\">raises the general <strong>standard of reporting<\/strong>.<\/li><\/ul>\n<\/div><\/div>\n<\/div>\n<\/div>\n<\/div><\/div>\n\n\n\n<blockquote class=\"alignwide wp-block-ugb-blockquote ugb-blockquote ugb-c46a8fc ugb-blockquote--v3 ugb-blockquote--design-plain ugb-main-block\"><style>.ugb-c46a8fc .ugb-blockquote__quote{width:70px !important;height:70px !important}.ugb-c46a8fc .ugb-blockquote__text{font-size:18px !important}.ugb-c46a8fc .ugb-inner-block{text-align:left}<\/style><div class=\"ugb-inner-block\"><div class=\"ugb-block-content\"><div class=\"ugb-blockquote__item\"><svg viewbox=\"0 0 50 50\" xmlns=\"http:\/\/www.w3.org\/2000\/svg\" class=\"ugb-blockquote__quote\" width=\"70\" height=\"70\"><path d=\"M9.4 14.6c-2.4 2.9-3.6 5.9-3.6 8.9 0 1.3.2 2.4.5 3.3 1.8-1.4 3.8-2.1 6-2.1 2.9 0 5.3.9 7.3 2.7 2 1.8 3 4.2 3 7.3 0 1.9-.5 3.6-1.4 5.1-.9 1.5-2.2 2.7-3.8 3.6s-3.3 1.3-5.1 1.3c-4.1 0-7.3-1.6-9.5-4.9C.9 36.9 0 33.5 0 29.4c0-5.2 1.4-9.9 4.1-14 2.8-4.1 6.9-7.5 12.5-10l1.5 2.8c-3.3 1.3-6.2 3.5-8.7 6.4zm27.5 0c-2.4 2.9-3.6 5.9-3.6 8.9 0 1.3.2 2.4.5 3.3 1.8-1.4 3.8-2.1 6-2.1 2.9 0 5.4.9 7.4 2.7 2 1.8 3 4.2 3 7.3 0 2.8-1 5.2-3 7.1-2 1.9-4.4 2.9-7.3 2.9-4.1 0-7.3-1.6-9.5-4.9-1.8-2.7-2.8-6.2-2.8-10.3 0-5.2 1.4-9.9 4.1-14 2.8-4.1 6.9-7.5 12.5-10l1.5 2.8c-3.5 1.2-6.4 3.4-8.8 6.3z\"><\/path><\/svg><div class=\"ugb-blockquote__content\"><p class=\"ugb-blockquote__text\"><em>\u201e<\/em>In this regard, it is legitimately part of the press's job to be the \"watchdog of the public\" (Rn. 21).\"<br>BGH NJW 2018, 2877<\/p><\/div><\/div><\/div><\/div><\/blockquote>\n\n\n\n<div class=\"wp-block-group alignfull\"><div class=\"wp-block-group__inner-container is-layout-flow wp-block-group-is-layout-flow\">\n<div class=\"wp-block-media-text alignwide is-stacked-on-mobile is-vertically-aligned-center is-style-default tw-stack-md tw-media-bottom\" style=\"grid-template-columns:26% auto\"><figure class=\"wp-block-media-text__media\"><img loading=\"lazy\" decoding=\"async\" width=\"565\" height=\"1024\" src=\"https:\/\/comppress.org\/wp-content\/uploads\/bewertung_en.jpg\" alt=\"\" class=\"wp-image-1096\" srcset=\"https:\/\/comppress.org\/wp-content\/uploads\/bewertung_en.jpg 399w, https:\/\/comppress.org\/wp-content\/uploads\/bewertung_en-171x300.jpg 171w, https:\/\/comppress.org\/wp-content\/uploads\/bewertung_en-7x12.jpg 7w\" sizes=\"(max-width: 565px) 100vw, 565px\" \/><\/figure><div class=\"wp-block-media-text__content\">\n<h4 class=\"cus-anchor wp-block-heading\" id=\"bewertungssystem\">The rating system - your quality guarantee<\/h4>\n\n\n\n<p class=\"tw-mb-2 tw-mt-2\" id=\"ox-clipboard-data\">COMPPRESS is not just another editorial office with its own definition of quality!<\/p>\n\n\n\n<p class=\"tw-mb-2 tw-mt-2\">The <a href=\"https:\/\/comppress.org\/en\/wiki-verlinkung-3-bewertungssystem\/\" target=\"_blank\" rel=\"noreferrer noopener\">COMPPRESS rating system<\/a> is based on the values set out in the German Press Code. News items are thus rated according to the standards that the German media landscape has committed itself to! <br>\nHowever, for this international, English language version we have compared the German Press Code with the most prominent international journalistic principles and codes \u2013 essentially, the norms and principles are based on the same core values. Therefore, the criteria selected are transferable and the COMPRESS rating system can be applied to international articles as well.<\/p>\n\n\n\n<p class=\"tw-mb-2 tw-mt-2\">Nevertheless, not all values listed in the German Press Code are suitable for the purposes of a general \/ non-topic-specific rating system. We took the values of \u201ctruthfulness\u201d and \u201ccare\u201d as our basis.&nbsp;<\/p>\n\n\n\n<p class=\"tw-mb-2 tw-mt-2\">In order to convert these two criteria into a rating system, COMPPRESS has assessed their importance based on the specifications of other press codes, including international editions, and based on the latest research into criteria for good journalism. Ultimately, the concept of truthfulness was broken down into the following levels of significance based on the large degree of interpretation it allows, taking into account fundamental philosophical and logical considerations:<\/p>\n\n\n\n<ul id=\"ox-clipboard-data\" class=\"tw-mb-2 tw-mt-2\"><li>the need to conduct careful research, while at the same time&nbsp;<\/li><li>developing your own arguments logically and reflecting on these, as well as&nbsp;<\/li><li>using balanced reporting that takes different perspectives into account.<\/li><\/ul>\n\n\n\n<p class=\"tw-mb-2 tw-mt-2 translation-block\" id=\"ox-clipboard-data\">This process produced the following criteria for ratings: <br>\n<em>Diligent Source Work<\/em>, <em>Plausible Argumentation<\/em> and <em>Balanced Coverage<\/em>.<\/p>\n\n\n\n<p class=\"tw-mb-2 tw-mt-2\">COMPPRESS provides the rating system - you apply it!<\/p>\n<\/div><\/div>\n<\/div><\/div>","protected":false},"excerpt":{"rendered":"<p>Die Herausforderung &#8211; Grundlage unseres Auftrags Eine funktionierende demokratische Gesellschaft braucht qualitativ hochwertigen Journalismus; \u201cer ist ein eminenter \u201aFaktor\u2018 der \u00f6ffentlichen Meinungsbildung\u201d.&nbsp;BVerfG, 28.02.1961 &#8211; 2 BvG 1\/60 und 2\/60 Diesen Grundsatz sehen wir durch zwei strukturelle Ph\u00e4nomene gef\u00e4hrdet: Spannungsverh\u00e4ltnis: Medienproduzenten m\u00fcssen den Selbstanspruch, eigenen ethischen Ma\u00dfst\u00e4ben zu gen\u00fcgen und die Notwendigkeit sich zu finanzieren miteinander&hellip;<\/p>","protected":false},"author":1,"featured_media":0,"parent":0,"menu_order":0,"comment_status":"closed","ping_status":"closed","template":"tw-header-transparent-light.php","meta":{"footnotes":""},"featured_image_urls":{"full":"","thumbnail":"","medium":"","medium_large":"","large":"","1536x1536":"","2048x2048":"","trp-custom-language-flag":"","post-thumbnail":"","twentytwenty-fullscreen":""},"post_excerpt_stackable":"<p>Verpflichten Sie Journalismus zu Qualit\u00e4t. Die Herausforderung &#8211; Grundlage unseres Auftrags Eine funktionierende demokratische Gesellschaft braucht qualitativ hochwertigen Journalismus; \u201cer ist ein eminenter \u201aFaktor\u2018 der \u00f6ffentlichen Meinungsbildung\u201d.&nbsp;BVerfG, 28.02.1961 &#8211; 2 BvG 1\/60 und 2\/60 Diesen Grundsatz sehen wir durch zwei strukturelle Ph\u00e4nomene gef\u00e4hrdet: Spannungsverh\u00e4ltnis: Medienproduzenten m\u00fcssen den Selbstanspruch, eigenen ethischen Ma\u00dfst\u00e4ben zu gen\u00fcgen und die Notwendigkeit sich zu finanzieren miteinander vereinbaren. Viele Medienprodukte entsprechen in ihrer Ausgestaltung prim\u00e4r finanziellen Interessen (bezahlte Schaltung von Werbung, Clickbait usw.), die h\u00e4ufig nicht mit hoher journalistischer Qualit\u00e4t vereinbar sind.Un\u00fcberschaubarkeit: der Medienkonsument sieht sich mit einer schier unendlichen Informationsf\u00fclle konfrontiert, die ohne Fremdsteuerung kaum zu&hellip;<\/p>\n","category_list":"","author_info":{"name":"WordpressAdmin","url":"https:\/\/comppress.org\/en\/author\/wordpressadmin\/"},"comments_num":"0 comments","yoast_head":"<!-- This site is optimized with the Yoast SEO plugin v22.0 - https:\/\/yoast.com\/wordpress\/plugins\/seo\/ -->\n<title>COMPPRESS | Die Idee<\/title>\n<meta name=\"robots\" content=\"index, follow, max-snippet:-1, max-image-preview:large, max-video-preview:-1\" \/>\n<link rel=\"canonical\" href=\"https:\/\/comppress.org\/en\/die-idee\/\" \/>\n<meta property=\"og:locale\" content=\"en_US\" \/>\n<meta property=\"og:type\" content=\"article\" \/>\n<meta property=\"og:title\" content=\"COMPPRESS | Die Idee\" \/>\n<meta property=\"og:description\" content=\"Die Herausforderung &#8211; Grundlage unseres Auftrags Eine funktionierende demokratische Gesellschaft braucht qualitativ hochwertigen Journalismus; \u201cer ist ein eminenter \u201aFaktor\u2018 der \u00f6ffentlichen Meinungsbildung\u201d.&nbsp;BVerfG, 28.02.1961 &#8211; 2 BvG 1\/60 und 2\/60 Diesen Grundsatz sehen wir durch zwei strukturelle Ph\u00e4nomene gef\u00e4hrdet: Spannungsverh\u00e4ltnis: Medienproduzenten m\u00fcssen den Selbstanspruch, eigenen ethischen Ma\u00dfst\u00e4ben zu gen\u00fcgen und die Notwendigkeit sich zu finanzieren miteinander&hellip;\" \/>\n<meta property=\"og:url\" content=\"https:\/\/comppress.org\/en\/die-idee\/\" \/>\n<meta property=\"og:site_name\" content=\"COMPPRESS\" \/>\n<meta property=\"article:modified_time\" content=\"2022-06-04T08:13:42+00:00\" \/>\n<meta property=\"og:image\" content=\"https:\/\/comppress.org\/wp-content\/uploads\/rene-bohmer-aqoyYtM81Tg-unsplash-683x1024.jpg\" \/>\n<meta name=\"twitter:card\" content=\"summary_large_image\" \/>\n<meta name=\"twitter:label1\" content=\"Est. reading time\" \/>\n\t<meta name=\"twitter:data1\" content=\"4 minutes\" \/>\n<script type=\"application\/ld+json\" class=\"yoast-schema-graph\">{\"@context\":\"https:\/\/schema.org\",\"@graph\":[{\"@type\":\"WebPage\",\"@id\":\"https:\/\/comppress.org\/die-idee\/\",\"url\":\"https:\/\/comppress.org\/die-idee\/\",\"name\":\"COMPPRESS | Die Idee\",\"isPartOf\":{\"@id\":\"https:\/\/comppress.org\/#website\"},\"datePublished\":\"2020-10-17T08:12:21+00:00\",\"dateModified\":\"2022-06-04T08:13:42+00:00\",\"breadcrumb\":{\"@id\":\"https:\/\/comppress.org\/die-idee\/#breadcrumb\"},\"inLanguage\":\"en-US\",\"potentialAction\":[{\"@type\":\"ReadAction\",\"target\":[\"https:\/\/comppress.org\/die-idee\/\"]}]},{\"@type\":\"BreadcrumbList\",\"@id\":\"https:\/\/comppress.org\/die-idee\/#breadcrumb\",\"itemListElement\":[{\"@type\":\"ListItem\",\"position\":1,\"name\":\"Home\",\"item\":\"https:\/\/comppress.org\/\"},{\"@type\":\"ListItem\",\"position\":2,\"name\":\"Die Idee\"}]},{\"@type\":\"WebSite\",\"@id\":\"https:\/\/comppress.org\/#website\",\"url\":\"https:\/\/comppress.org\/\",\"name\":\"COMPPRESS\",\"description\":\"Verpflichten Sie Journalismus zu Qualit\u00e4t.\",\"publisher\":{\"@id\":\"https:\/\/comppress.org\/#organization\"},\"potentialAction\":[{\"@type\":\"SearchAction\",\"target\":{\"@type\":\"EntryPoint\",\"urlTemplate\":\"https:\/\/comppress.org\/?s={search_term_string}\"},\"query-input\":\"required name=search_term_string\"}],\"inLanguage\":\"en-US\"},{\"@type\":\"Organization\",\"@id\":\"https:\/\/comppress.org\/#organization\",\"name\":\"COMPPRESS e.V.\",\"url\":\"https:\/\/comppress.org\/\",\"logo\":{\"@type\":\"ImageObject\",\"inLanguage\":\"en-US\",\"@id\":\"https:\/\/comppress.org\/#\/schema\/logo\/image\/\",\"url\":\"https:\/\/comppress.org\/wp-content\/uploads\/COMP_PRESS.png\",\"contentUrl\":\"https:\/\/comppress.org\/wp-content\/uploads\/COMP_PRESS.png\",\"width\":512,\"height\":512,\"caption\":\"COMPPRESS e.V.\"},\"image\":{\"@id\":\"https:\/\/comppress.org\/#\/schema\/logo\/image\/\"}}]}<\/script>\n<!-- \/ Yoast SEO plugin. -->","yoast_head_json":{"title":"COMPPRESS | Die Idee","robots":{"index":"index","follow":"follow","max-snippet":"max-snippet:-1","max-image-preview":"max-image-preview:large","max-video-preview":"max-video-preview:-1"},"canonical":"https:\/\/comppress.org\/en\/die-idee\/","og_locale":"en_US","og_type":"article","og_title":"COMPPRESS | Die Idee","og_description":"Die Herausforderung &#8211; Grundlage unseres Auftrags Eine funktionierende demokratische Gesellschaft braucht qualitativ hochwertigen Journalismus; \u201cer ist ein eminenter \u201aFaktor\u2018 der \u00f6ffentlichen Meinungsbildung\u201d.&nbsp;BVerfG, 28.02.1961 &#8211; 2 BvG 1\/60 und 2\/60 Diesen Grundsatz sehen wir durch zwei strukturelle Ph\u00e4nomene gef\u00e4hrdet: Spannungsverh\u00e4ltnis: Medienproduzenten m\u00fcssen den Selbstanspruch, eigenen ethischen Ma\u00dfst\u00e4ben zu gen\u00fcgen und die Notwendigkeit sich zu finanzieren miteinander&hellip;","og_url":"https:\/\/comppress.org\/en\/die-idee\/","og_site_name":"COMPPRESS","article_modified_time":"2022-06-04T08:13:42+00:00","og_image":[{"url":"https:\/\/comppress.org\/wp-content\/uploads\/rene-bohmer-aqoyYtM81Tg-unsplash-683x1024.jpg"}],"twitter_card":"summary_large_image","twitter_misc":{"Est. reading time":"4 minutes"},"schema":{"@context":"https:\/\/schema.org","@graph":[{"@type":"WebPage","@id":"https:\/\/comppress.org\/die-idee\/","url":"https:\/\/comppress.org\/die-idee\/","name":"COMPPRESS | Die Idee","isPartOf":{"@id":"https:\/\/comppress.org\/#website"},"datePublished":"2020-10-17T08:12:21+00:00","dateModified":"2022-06-04T08:13:42+00:00","breadcrumb":{"@id":"https:\/\/comppress.org\/die-idee\/#breadcrumb"},"inLanguage":"en-US","potentialAction":[{"@type":"ReadAction","target":["https:\/\/comppress.org\/die-idee\/"]}]},{"@type":"BreadcrumbList","@id":"https:\/\/comppress.org\/die-idee\/#breadcrumb","itemListElement":[{"@type":"ListItem","position":1,"name":"Home","item":"https:\/\/comppress.org\/"},{"@type":"ListItem","position":2,"name":"Die Idee"}]},{"@type":"WebSite","@id":"https:\/\/comppress.org\/#website","url":"https:\/\/comppress.org\/","name":"COMPPRESS","description":"Verpflichten Sie Journalismus zu Qualit\u00e4t.","publisher":{"@id":"https:\/\/comppress.org\/#organization"},"potentialAction":[{"@type":"SearchAction","target":{"@type":"EntryPoint","urlTemplate":"https:\/\/comppress.org\/?s={search_term_string}"},"query-input":"required name=search_term_string"}],"inLanguage":"en-US"},{"@type":"Organization","@id":"https:\/\/comppress.org\/#organization","name":"COMPPRESS e.V.","url":"https:\/\/comppress.org\/","logo":{"@type":"ImageObject","inLanguage":"en-US","@id":"https:\/\/comppress.org\/#\/schema\/logo\/image\/","url":"https:\/\/comppress.org\/wp-content\/uploads\/COMP_PRESS.png","contentUrl":"https:\/\/comppress.org\/wp-content\/uploads\/COMP_PRESS.png","width":512,"height":512,"caption":"COMPPRESS e.V."},"image":{"@id":"https:\/\/comppress.org\/#\/schema\/logo\/image\/"}}]}},"_links":{"self":[{"href":"https:\/\/comppress.org\/en\/wp-json\/wp\/v2\/pages\/28"}],"collection":[{"href":"https:\/\/comppress.org\/en\/wp-json\/wp\/v2\/pages"}],"about":[{"href":"https:\/\/comppress.org\/en\/wp-json\/wp\/v2\/types\/page"}],"author":[{"embeddable":true,"href":"https:\/\/comppress.org\/en\/wp-json\/wp\/v2\/users\/1"}],"replies":[{"embeddable":true,"href":"https:\/\/comppress.org\/en\/wp-json\/wp\/v2\/comments?post=28"}],"version-history":[{"count":193,"href":"https:\/\/comppress.org\/en\/wp-json\/wp\/v2\/pages\/28\/revisions"}],"predecessor-version":[{"id":1646,"href":"https:\/\/comppress.org\/en\/wp-json\/wp\/v2\/pages\/28\/revisions\/1646"}],"wp:attachment":[{"href":"https:\/\/comppress.org\/en\/wp-json\/wp\/v2\/media?parent=28"}],"curies":[{"name":"wp","href":"https:\/\/api.w.org\/{rel}","templated":true}]}}