{"id":1281,"date":"2021-08-15T13:41:40","date_gmt":"2021-08-15T12:41:40","guid":{"rendered":"https:\/\/comppress.org\/?page_id=1281"},"modified":"2021-08-15T14:17:14","modified_gmt":"2021-08-15T13:17:14","slug":"wiki-verlinkung-3-bewertungssystem","status":"publish","type":"page","link":"https:\/\/comppress.org\/en\/wiki-verlinkung-3-bewertungssystem\/","title":{"rendered":"Wiki Verlinkung 3 Bewertungssystem"},"content":{"rendered":"<p class=\"has-h-2-font-size\" style=\"line-height:1\"><strong>What is evaluated and what is not (yet)?<\/strong><\/p>\n\n\n\n<p><em>Disclaimer: No claim to completeness is made for any of the statements and assumptions contained herein. This wiki, like the project as a whole, is a \"work in progress\". We warmly welcome constructive criticism and content-related information or additions in order to continuously improve our work and thus the COMPPRESS project. We are happy to receive your feedback via info@comppress.org or via Github.<\/em><\/p>\n\n\n\n<p>The formation of social and political opinion that is relevant for a democracy does not depend solely on media reporting. To a large extent, the media landscape also offers non-political entertainment that cannot be assessed in terms of its contribution to the formation of political opinions. Social media is an important source of information for many people \u2013 especially for political content.<\/p>\n\n\n\n<p>Nevertheless, the use of traditional media such as television, radio or newspapers continues to predominate in the political informational behaviour of the German population.<sup>1<\/sup> The first limitation of the assessment object of the COMPPRESS project therefore relates to the selection of traditional media output. Information products of social media, blog articles, etc. are not included in the current development stage of COMPPRESS.<\/p>\n\n\n\n<p><em>Newspapers and Magazines<\/em><\/p>\n\n\n\n<p class=\" translation-block\">The range of newspapers and magazines in Germany is diverse \u2013 both in terms of the breadth of topics and the different demands to distribute politically and socially high-quality articles. Newspapers with high quality standards do not have the highest circulation, but still have a high political influence and are considered opinion leaders.<sup>2<\/sup> The most important are, for example, the more liberal <em>S\u00fcddeutsche<\/em> <em>Zeitung<\/em> with approx. 380,000 copies per day, the more conservative <em>Frankfurter<\/em> <em>Allgemeine Zeitung<\/em> (approx. 228,000 copies \/ day), the Berliner <em>taz<\/em> and the <em>Handelsblatt<\/em> as the largest newspaper with an economic focus. The weekly political magazines such as <em>Der Spiegel<\/em>, <em>Die Zeit<\/em> and <em>Der Stern<\/em> are also to be classified in a similar way.<a target=\"_self\"><sup>2<\/sup><\/a><\/p>\n\n\n\n<p>The second limitation relates to the (current) sole evaluation of newspaper or magazine articles. Broadcasting output cannot be taken into account by COMPPRESS at the current stage of development.<\/p>\n\n\n\n<p><em>Online Articles<\/em><\/p>\n\n\n\n<p>2019, 68% of Germans used the internet as a source of political information. The most popular news sites were <em>Spiegel online<\/em>, <em>t-online<\/em>, <em>Focus online<\/em>, <em>Bild.de<\/em> and <em>Web.de<\/em>.<sup>2<\/sup> he third limitation of the evaluation is focused on the currently available online offers of the common newspaper and magazine providers.<\/p>\n\n\n\n<p><em>Which Newspapers and Magazines Are Rated?<\/em><\/p>\n\n\n\n<p>The selection of the media outlets whose articles can be rated in the COMPPRESS app was made for the initial phase of the project based on a review of the German and English-speaking international media markets. The aim was to capture the breadth of the existing social and political spectrum as well as to do justice to the reality of the circulation of newspapers and magazines, while depicting the selection of media outlets as fairly as possible. In the future, with more resources available for the project, <strong>all newspapers and magazines<\/strong> whose content is within the legal framework of the basic law should be available. <strong>The aim of COMPPRESS is not to create an editorial filter when making the offer available \u2013 not even when selecting the offer of the articles to be rated.<\/strong> The technical solution is to display the articles by dragging them from the freely accessible and available \"feeds\" of the media outlets.<\/p>\n\n\n\n<p><strong>The Rating System<\/strong><\/p>\n\n\n\n<p>With the COMPPRESS rating system, a wide variety of online articles from newspapers and magazines should be able to be rated by all users. This presents an evaluation system with conceptual and theoretical challenges.<\/p>\n\n\n\n<p><em>Principles<\/em><\/p>\n\n\n\n<p>t is essential that the evaluation criteria do not come from a (further) arbitrary, individual worldview and provide a subjective definition of what is \"right\", but correspond to the (self-imposed) obligations which media producers are already officially subject to. This is guaranteed by the <a href=\"https:\/\/www.presserat.de\/pressekodex.html\" target=\"_blank\" rel=\"noreferrer noopener\">German Press Code<\/a> (DPK), which represents the content-related basis of the COMPPRESS rating system for the German-speaking countries. <strong>COMPPRESS is not an editorial team!<\/strong><\/p>\n\n\n\n<p>In addition, terms have to be developed as evaluation criteria that can be meaningfully used in a scale evaluation: They must be \"capable of improvement\" or \"semantically quantifiable\" (counter example: truth \u2013 something cannot be \"a little or a lot\" true, while something can be \"a little\" or \"very\" accurate).<\/p>\n\n\n\n<p>Furthermore, the challenge arises to develop an evaluation system that is suitable for evaluating different types of newspaper and magazine articles, e.g. from different subject categories and articles with different analysis depths. The decisive difference for the evaluability of newspaper or magazine articles lies in their respective content-related complexity. Complex journalistic texts contain a judgmental assessment of what is being told by the author taking a position on what is being told or by conveying a high level of information and value judgments. Complex texts or articles go beyond a pure information announcement, as is the case with sub-complex articles, e.g. program announcements or simple reports. The evaluation of simpler reports can only be limited to a reduced requirement of the content. The COMPPRESS evaluation system counteracts this difficulty, in which only individual evaluation criteria can be applied \u2013 in the event that not all evaluation criteria can be sensibly applied to an article.<\/p>\n\n\n\n<p>Ultimately, the terms used should be as comprehensible as possible \u2013 even if subjectivity remains unavoidable in the understanding. Pure objectivity cannot be given in the use of terms, which is why the evaluation criteria derived represent an attempt to choose overly complicated or scientific terms.&nbsp;<\/p>\n\n\n\n<p>It is particularly important that the COMPPRESS evaluation system does not make any intersubjective truth claims when evaluating the quality of an article. In contrast to a research project, the COMPPRESS evaluation system collects a large number of evaluations and shows existing majority relationships. This is like a choice process in which all eligible voters allow their individual understanding or assessment to flow into a collective result. Thus, the subjectivity that goes with every evaluation and every individual understanding of the terms of the evaluation system does not contradict the aim of the evaluations.<\/p>\n\n\n\n<p><em>Derivation of The Evaluation Criteria \u2013 The Press Code<\/em><\/p>\n\n\n\n<p>The German Press Code (DPK) used as a basis remains general in its execution of the commandments for good journalism. It was therefore necessary to derive meaningful syntheses from its individual paragraphs for an evaluation of newspaper or magazine articles.<\/p>\n\n\n\n<p><em>Additional Sources<\/em><\/p>\n\n\n\n<p>In order to incorporate general principles for good journalism, the syntheses from the DPK were compared and contrasted with ideas from two other recognised press codes and the requirements immanent in the State Media Treaty (MStV) for good journalism (Table 1).<\/p>\n\n\n\n<p><em>Diligence and Truthfulness<\/em><\/p>\n\n\n\n<p>Within the DPK there are two commandments that can be applied to the evaluation of online articles: \"Truthfulness\" and \"Diligence\". The remaining criteria of the DPK relate more to the concrete implementation of the work of journalists. Nevertheless, ideas for products can also be derived or transferred from other criteria of the DPK (Table 1).<\/p>\n\n\n\n<p>Care: The term diligence is relatively easy to \"translate\" as an evaluation criterion. It is scalable (e.g. something is more or less careful) and it can be assumed that its horizon of meaning is easy to grasp \u2013 a common idea with regard to a definition can be found.<\/p>\n\n\n\n<p>Truthfulness: The concept of truthfulness, like that of truth, is much more complex and it is much more difficult to deal with it in the sense of an evaluation criterion. Besides which, it's not scalable, but only applicable in binary form (something is either true or not). Truthfulness is the central requirement of journalistic work, so it is essential for the evaluation at COMPPRESS. In order to \"translate\" the concept of truthfulness into an evaluation criterion, essential ideas of the term were extracted. This \"translation\" is described below. It is based on historical methodological principles.<\/p>\n\n\n\n<p><em>The Concept of Truthfulness<\/em><\/p>\n\n\n\n<p>Essentially, an article describes an object (story, event, etc.) by a subject. It is therefore a narrative. Accordingly, there is a \"filter\" of the narrating subject between what happened and the product of the narrative. Theoretically, it is assumed that no objective image is created, but rather that the subject makes a narrative about an object (event, fact, etc.) in which the perception is shaped by subjective aspects. These include, for example, socialisation, prior knowledge, culture, personality, etc. It follows from this that objects can be represented in different ways by different subjects. A narrative should therefore not be judged solely in terms of the categories \"true\" or \"false\", but rather the question must be asked to what extent the subject adequately takes certain aspects into account in its narrative. In J\u00f6rn R\u00fcsen's \"Basic Features of a History\", the truthfulness of a narrative can, among other things, gain validity through empirical and normative validity:<\/p>\n\n\n\n<ol type=\"1\"><li><em>\"[\u2026] Stories justify their claim to validity by showing that the events they tell actually happened in the past as they tell it. This usually happens in that disclosure on sources are made in the stories [\u2026] Historical truth may be characterised as <strong>empirical<\/strong> validity of this reasoning regard. Stories are empirically valid if the facts asserted in them are backed up by experience. [...]\"<sup>3<\/sup><\/em><\/li><li><em>\"[...] Stories justify their claim to validity by showing that the events they tell have a meaning for the everyday life of their addressees. The narrator brings norms into play [\u2026]. In this regard, truth can be described as <strong>normative<\/strong> validity. Stories are normatively valid if the meanings claimed in them are secured by valid norms. [...]\"<a><sup>3<\/sup><\/a><\/em><\/li><\/ol>\n\n\n\n<p class=\" translation-block\">The concept of truthfulness was thus interpreted from two points of view: On the one hand, based on the claim that deliberate fraud or deliberate misrepresentation by the journalist is prohibited. On the other hand, through the claim to truthfulness as a narrative \u2013 which means that the journalists, despite their subjective view, should try to report events or facts as <em>empirically<\/em> and <em>normatively<\/em> as <em>conclusively<\/em> as possible.<\/p>\n\n\n\n<p>From this understanding of the requirement of truthfulness, together with the requirement of care and taking into account the ideas from other international codes, three pairs of terms were derived that make up the COMPPRESS evaluation criteria. These are:<\/p>\n\n\n\n<ul><li>Diligent Source Work<\/li><li>Plausible Argumentation<\/li><li>Balanced Coverage<\/li><\/ul>\n\n\n\n<p class=\" translation-block\"><a href=\"https:\/\/comppress.org\/wiki-verlinkung-3-tabelle\/\" target=\"_self\" rel=\"noreferrer noopener\">Table 1 <\/a>shows the sources of the derivation and the assignment of the respective meanings. The table provides an overview of the quality criteria taken from the DPK, the other sources that have contributed to extracting the final evaluation criteria as ideas for the DPK and the terms of the evaluation criteria that we have derived from them.<\/p>\n\n\n\n<p><em>The results \u2013 our evaluation criteria<\/em><\/p>\n\n\n\n<p><strong>Diligent Source Work<\/strong>: This criterion results both directly from the claims mentioned in the statements on research work in the requirement of \"diligence\", as well as from the claim of the empirical validity of a narrative in the historical interpretation of the term \"truthfulness\".  Cited statements must be developed on the basis of well-founded research, and personal statements must be substantiated and (if possible) different sources must be taken into account.<\/p>\n\n\n\n<p><strong>Plausible Argumentation<\/strong>: This criterion arises from the claims mentioned in the explanations of the research work in the requirement of \"diligence\", as well as from the claim of the normative validity of a narrative in the historical interpretation of the term \"truthfulness\". The (personal) arguments cited within a text must be reflected on and must not contradict each other logically. This is expressed both through the citing of evidence (research work) and through the fact that it is disclosed which value standards are referred to or from which examples standards are derived (normative validity). If, for example, it is stated that a politician's proposal is to be rejected as immoral, it must be demonstrated that the politician has actually made this proposal and what exactly about it, and on the basis of which standard, it is to be considered so.&nbsp;<\/p>\n\n\n\n<p><strong>Balanced Coverage<\/strong>: This criterion arises from the claim of the normative validity of a narrative in the historical interpretation of the term \"truthfulness\". In the context of every evaluation of an object (event, fact), which is necessarily contained in complex articles, it is important to consider different points of view in order to present plausibly and fairly why the evaluation was carried out in this way. To ensure this, other points of view and counter-arguments must be reported in a fair and balanced manner. However, this is not to be equated with the claim of neutrality. An article or a comment can also openly contain the opinion of an author. However, this expression of opinion does not absolve them from the fact that they must also consider other arguments in their judgment in order to explain in a fair manner why they represent their opinion. This is illustrated by the example of the politician. If a journalist raises the argument that it is an immoral demand by politician X, then in addition to plausible arguments, it is also important to explain whether the politician should not be understood differently. It should also be demanded that a counter perspective is taken into account.<\/p>\n\n\n\n<p><em>Final Notes<\/em><\/p>\n\n\n\n<p>The evaluation criteria formulated here place high demands on journalistic products. However, the aim of the project is to promote and support good journalism. Certain quality features can be demanded. At the same time, we are aware that not all of our categories are applicable to every article. Our rating system has to manage a balancing act and ensure that both short reports and the years of research are assessable on the basis of a well-founded rating system, without the rating system losing its user-friendliness due to excessive complexity.<\/p>\n\n\n\n<p class=\"has-small-font-size\"><a><strong>Sources:<\/strong><\/a><br>1. Sch\u00fcler, Ruth Maria \/ Niehues, Judith \/ Diermeier, Matthias (2021): Politisches Informationsverhalten: Gespr\u00e4che und traditionelle Medien liegen vorn, IW-Report, Nr. 2, K\u00f6ln. Abgerufen unter: <a href=\"https:\/\/www.iwkoeln.de\/studien\/ruth-maria-schueler-judith-niehues-matthias-diermeier-gespraeche-und-traditionelle-medien-liegen-vorn.html\">https:\/\/www.iwkoeln.de\/studien\/ruth-maria-schueler-judith-niehues-matthias-diermeier-gespraeche-und-traditionelle-medien-liegen-vorn.html<\/a><br>2. CeMIL 2020: <a href=\"https:\/\/www.polsoz.fu-berlin.de\/kommwiss\/institut\/cemil\/schule\/schule_inhaltselemente\/12_mediensystem\/a_mediensystem.html\" target=\"_blank\" rel=\"noreferrer noopener\">https:\/\/www.polsoz.fu-berlin.de\/kommwiss\/institut\/cemil\/schule\/schule_inhaltselemente\/12_mediensystem\/a_mediensystem.html<\/a><br>3. J\u00f6rn R\u00fcsen: Historische Vernunft. Grundz\u00fcge einer Historik I: Die Grundlagen der Geschichtswissenschaft. G\u00f6ttingen: Vandenhoeck &amp; Ruprecht 1983., abgerufen am 15.07.2021 unter: <a href=\"https:\/\/www.academia.edu\/36948078\/Jorn_Rusen_Grundzuge_einer_Historik_2018\" target=\"_blank\" rel=\"noreferrer noopener\">https:\/\/www.academia.edu\/36948078\/Jorn_Rusen_Grundzuge_einer_Historik_2018<\/a><\/p>","protected":false},"excerpt":{"rendered":"<p>Was wird bewertet und was (noch) nicht? Disclaimer: F\u00fcr alle hier vorgebrachten Aussagen und Annahmen wird kein Anspruch auf Vollst\u00e4ndigkeit erhoben. Dieses Wiki, wie das Projekt insgesamt, ist &#8222;Work in Progress&#8220;. Wir hei\u00dfen konstruktive Kritik und inhaltliche Hinweise oder Erg\u00e4nzungen herzlich willkommen, um unsere Arbeit und damit das Projekt COMPPRESS stetig zu verbessern. Gern nehmen&hellip;<\/p>","protected":false},"author":1,"featured_media":0,"parent":0,"menu_order":0,"comment_status":"closed","ping_status":"closed","template":"tw-no-title.php","meta":{"footnotes":""},"featured_image_urls":{"full":"","thumbnail":"","medium":"","medium_large":"","large":"","1536x1536":"","2048x2048":"","trp-custom-language-flag":"","post-thumbnail":"","twentytwenty-fullscreen":""},"post_excerpt_stackable":"<p>Was wird bewertet und was (noch) nicht? Disclaimer: F\u00fcr alle hier vorgebrachten Aussagen und Annahmen wird kein Anspruch auf Vollst\u00e4ndigkeit erhoben. Dieses Wiki, wie das Projekt insgesamt, ist &#8222;Work in Progress&#8220;. Wir hei\u00dfen konstruktive Kritik und inhaltliche Hinweise oder Erg\u00e4nzungen herzlich willkommen, um unsere Arbeit und damit das Projekt COMPPRESS stetig zu verbessern. Gern nehmen wir \u00fcber info@comppress.org oder \u00fcber Github Ihr Feedback entgegen. Die f\u00fcr eine Demokratie relevante gesellschaftliche und politische Meinungsbildung ist nicht allein von der Berichterstattung der Medien abh\u00e4ngig. Auch bietet die Medienlandschaft zu einem Gro\u00dfteil vor allem unpolitische Unterhaltungsangebote, die nicht hingehend ihres Beitrags zur politischen&hellip;<\/p>\n","category_list":"","author_info":{"name":"WordpressAdmin","url":"https:\/\/comppress.org\/en\/author\/wordpressadmin\/"},"comments_num":"0 comments","yoast_head":"<!-- This site is optimized with the Yoast SEO plugin v22.0 - https:\/\/yoast.com\/wordpress\/plugins\/seo\/ -->\n<title>COMPPRESS | Wiki Verlinkung 3 Bewertungssystem<\/title>\n<meta name=\"robots\" content=\"index, follow, max-snippet:-1, max-image-preview:large, max-video-preview:-1\" \/>\n<link rel=\"canonical\" href=\"https:\/\/comppress.org\/en\/wiki-verlinkung-3-bewertungssystem\/\" \/>\n<meta property=\"og:locale\" content=\"en_US\" \/>\n<meta property=\"og:type\" content=\"article\" \/>\n<meta property=\"og:title\" content=\"COMPPRESS | Wiki Verlinkung 3 Bewertungssystem\" \/>\n<meta property=\"og:description\" content=\"Was wird bewertet und was (noch) nicht? Disclaimer: F\u00fcr alle hier vorgebrachten Aussagen und Annahmen wird kein Anspruch auf Vollst\u00e4ndigkeit erhoben. Dieses Wiki, wie das Projekt insgesamt, ist &#8222;Work in Progress&#8220;. Wir hei\u00dfen konstruktive Kritik und inhaltliche Hinweise oder Erg\u00e4nzungen herzlich willkommen, um unsere Arbeit und damit das Projekt COMPPRESS stetig zu verbessern. Gern nehmen&hellip;\" \/>\n<meta property=\"og:url\" content=\"https:\/\/comppress.org\/en\/wiki-verlinkung-3-bewertungssystem\/\" \/>\n<meta property=\"og:site_name\" content=\"COMPPRESS\" \/>\n<meta property=\"article:modified_time\" content=\"2021-08-15T13:17:14+00:00\" \/>\n<meta name=\"twitter:card\" content=\"summary_large_image\" \/>\n<meta name=\"twitter:label1\" content=\"Est. reading time\" \/>\n\t<meta name=\"twitter:data1\" content=\"10 minutes\" \/>\n<script type=\"application\/ld+json\" class=\"yoast-schema-graph\">{\"@context\":\"https:\/\/schema.org\",\"@graph\":[{\"@type\":\"WebPage\",\"@id\":\"https:\/\/comppress.org\/wiki-verlinkung-3-bewertungssystem\/\",\"url\":\"https:\/\/comppress.org\/wiki-verlinkung-3-bewertungssystem\/\",\"name\":\"COMPPRESS | Wiki Verlinkung 3 Bewertungssystem\",\"isPartOf\":{\"@id\":\"https:\/\/comppress.org\/#website\"},\"datePublished\":\"2021-08-15T12:41:40+00:00\",\"dateModified\":\"2021-08-15T13:17:14+00:00\",\"breadcrumb\":{\"@id\":\"https:\/\/comppress.org\/wiki-verlinkung-3-bewertungssystem\/#breadcrumb\"},\"inLanguage\":\"en-US\",\"potentialAction\":[{\"@type\":\"ReadAction\",\"target\":[\"https:\/\/comppress.org\/wiki-verlinkung-3-bewertungssystem\/\"]}]},{\"@type\":\"BreadcrumbList\",\"@id\":\"https:\/\/comppress.org\/wiki-verlinkung-3-bewertungssystem\/#breadcrumb\",\"itemListElement\":[{\"@type\":\"ListItem\",\"position\":1,\"name\":\"Home\",\"item\":\"https:\/\/comppress.org\/\"},{\"@type\":\"ListItem\",\"position\":2,\"name\":\"Wiki Verlinkung 3 Bewertungssystem\"}]},{\"@type\":\"WebSite\",\"@id\":\"https:\/\/comppress.org\/#website\",\"url\":\"https:\/\/comppress.org\/\",\"name\":\"COMPPRESS\",\"description\":\"Verpflichten Sie Journalismus zu Qualit\u00e4t.\",\"publisher\":{\"@id\":\"https:\/\/comppress.org\/#organization\"},\"potentialAction\":[{\"@type\":\"SearchAction\",\"target\":{\"@type\":\"EntryPoint\",\"urlTemplate\":\"https:\/\/comppress.org\/?s={search_term_string}\"},\"query-input\":\"required name=search_term_string\"}],\"inLanguage\":\"en-US\"},{\"@type\":\"Organization\",\"@id\":\"https:\/\/comppress.org\/#organization\",\"name\":\"COMPPRESS e.V.\",\"url\":\"https:\/\/comppress.org\/\",\"logo\":{\"@type\":\"ImageObject\",\"inLanguage\":\"en-US\",\"@id\":\"https:\/\/comppress.org\/#\/schema\/logo\/image\/\",\"url\":\"https:\/\/comppress.org\/wp-content\/uploads\/COMP_PRESS.png\",\"contentUrl\":\"https:\/\/comppress.org\/wp-content\/uploads\/COMP_PRESS.png\",\"width\":512,\"height\":512,\"caption\":\"COMPPRESS e.V.\"},\"image\":{\"@id\":\"https:\/\/comppress.org\/#\/schema\/logo\/image\/\"}}]}<\/script>\n<!-- \/ Yoast SEO plugin. -->","yoast_head_json":{"title":"COMPPRESS | Wiki Verlinkung 3 Bewertungssystem","robots":{"index":"index","follow":"follow","max-snippet":"max-snippet:-1","max-image-preview":"max-image-preview:large","max-video-preview":"max-video-preview:-1"},"canonical":"https:\/\/comppress.org\/en\/wiki-verlinkung-3-bewertungssystem\/","og_locale":"en_US","og_type":"article","og_title":"COMPPRESS | Wiki Verlinkung 3 Bewertungssystem","og_description":"Was wird bewertet und was (noch) nicht? Disclaimer: F\u00fcr alle hier vorgebrachten Aussagen und Annahmen wird kein Anspruch auf Vollst\u00e4ndigkeit erhoben. Dieses Wiki, wie das Projekt insgesamt, ist &#8222;Work in Progress&#8220;. Wir hei\u00dfen konstruktive Kritik und inhaltliche Hinweise oder Erg\u00e4nzungen herzlich willkommen, um unsere Arbeit und damit das Projekt COMPPRESS stetig zu verbessern. Gern nehmen&hellip;","og_url":"https:\/\/comppress.org\/en\/wiki-verlinkung-3-bewertungssystem\/","og_site_name":"COMPPRESS","article_modified_time":"2021-08-15T13:17:14+00:00","twitter_card":"summary_large_image","twitter_misc":{"Est. reading time":"10 minutes"},"schema":{"@context":"https:\/\/schema.org","@graph":[{"@type":"WebPage","@id":"https:\/\/comppress.org\/wiki-verlinkung-3-bewertungssystem\/","url":"https:\/\/comppress.org\/wiki-verlinkung-3-bewertungssystem\/","name":"COMPPRESS | Wiki Verlinkung 3 Bewertungssystem","isPartOf":{"@id":"https:\/\/comppress.org\/#website"},"datePublished":"2021-08-15T12:41:40+00:00","dateModified":"2021-08-15T13:17:14+00:00","breadcrumb":{"@id":"https:\/\/comppress.org\/wiki-verlinkung-3-bewertungssystem\/#breadcrumb"},"inLanguage":"en-US","potentialAction":[{"@type":"ReadAction","target":["https:\/\/comppress.org\/wiki-verlinkung-3-bewertungssystem\/"]}]},{"@type":"BreadcrumbList","@id":"https:\/\/comppress.org\/wiki-verlinkung-3-bewertungssystem\/#breadcrumb","itemListElement":[{"@type":"ListItem","position":1,"name":"Home","item":"https:\/\/comppress.org\/"},{"@type":"ListItem","position":2,"name":"Wiki Verlinkung 3 Bewertungssystem"}]},{"@type":"WebSite","@id":"https:\/\/comppress.org\/#website","url":"https:\/\/comppress.org\/","name":"COMPPRESS","description":"Verpflichten Sie Journalismus zu Qualit\u00e4t.","publisher":{"@id":"https:\/\/comppress.org\/#organization"},"potentialAction":[{"@type":"SearchAction","target":{"@type":"EntryPoint","urlTemplate":"https:\/\/comppress.org\/?s={search_term_string}"},"query-input":"required name=search_term_string"}],"inLanguage":"en-US"},{"@type":"Organization","@id":"https:\/\/comppress.org\/#organization","name":"COMPPRESS e.V.","url":"https:\/\/comppress.org\/","logo":{"@type":"ImageObject","inLanguage":"en-US","@id":"https:\/\/comppress.org\/#\/schema\/logo\/image\/","url":"https:\/\/comppress.org\/wp-content\/uploads\/COMP_PRESS.png","contentUrl":"https:\/\/comppress.org\/wp-content\/uploads\/COMP_PRESS.png","width":512,"height":512,"caption":"COMPPRESS e.V."},"image":{"@id":"https:\/\/comppress.org\/#\/schema\/logo\/image\/"}}]}},"_links":{"self":[{"href":"https:\/\/comppress.org\/en\/wp-json\/wp\/v2\/pages\/1281"}],"collection":[{"href":"https:\/\/comppress.org\/en\/wp-json\/wp\/v2\/pages"}],"about":[{"href":"https:\/\/comppress.org\/en\/wp-json\/wp\/v2\/types\/page"}],"author":[{"embeddable":true,"href":"https:\/\/comppress.org\/en\/wp-json\/wp\/v2\/users\/1"}],"replies":[{"embeddable":true,"href":"https:\/\/comppress.org\/en\/wp-json\/wp\/v2\/comments?post=1281"}],"version-history":[{"count":4,"href":"https:\/\/comppress.org\/en\/wp-json\/wp\/v2\/pages\/1281\/revisions"}],"predecessor-version":[{"id":1299,"href":"https:\/\/comppress.org\/en\/wp-json\/wp\/v2\/pages\/1281\/revisions\/1299"}],"wp:attachment":[{"href":"https:\/\/comppress.org\/en\/wp-json\/wp\/v2\/media?parent=1281"}],"curies":[{"name":"wp","href":"https:\/\/api.w.org\/{rel}","templated":true}]}}