{"id":1277,"date":"2021-08-15T13:30:56","date_gmt":"2021-08-15T12:30:56","guid":{"rendered":"https:\/\/comppress.org\/?page_id=1277"},"modified":"2021-08-15T13:30:56","modified_gmt":"2021-08-15T12:30:56","slug":"wiki-verlinkung-2-einordnung-loesung","status":"publish","type":"page","link":"https:\/\/comppress.org\/en\/wiki-verlinkung-2-einordnung-loesung\/","title":{"rendered":"Wiki Verlinkung 2 Einordnung L\u00f6sung"},"content":{"rendered":"<p class=\"has-h-2-font-size\" style=\"line-height:1\"><strong>Subsuming Our Concept<\/strong><\/p>\n\n\n\n<p><em>Disclaimer: No claim to completeness is made for any of the statements and assumptions contained herein. This wiki, like the project as a whole, is a \"work in progress\". We warmly welcome constructive criticism and content-related information or additions in order to continuously improve our work and thus the COMPPRESS project. We are happy to receive your feedback via info@comppress.org or via Github.<\/em><\/p>\n\n\n\n<p>For all the aspects of the problem we describe and \"solution\" we propose, none is deemed to be all-inclusive or sufficient. The relationships mentioned are neither monocausal nor solely valid. Opinions about political decisions are not just formed or influenced by media consumption: conversations and arguments with family, friends and acquaintances, personal background and experiences, for example, also play an important role. The COMPPRESS project is intended to illuminate a sub-area and to provide a solution for only one part, albeit an important one.<\/p>\n\n\n\n<p>In critical media studies, many problems, inadequacies or challenging future trends can be identified that are not yet widely considered at this point in time, but can hopefully be included as part of a growing project with more resources.<\/p>\n\n\n\n<p>Examples of open problems and challenges for the media in constitutional democracies are:<\/p>\n\n\n\n<ul><li>Concentration of media companies \/ their ownership structure<\/li><li>Hegemony of opinion<\/li><li>Role of social networks<\/li><li>Use and trade with big data (user data)<\/li><li>Medialization (adaptation of politics to the functioning of the media)<\/li><\/ul>","protected":false},"excerpt":{"rendered":"<p>Eine Einordnung unseres L\u00f6sungskonzepts Disclaimer: F\u00fcr alle hier vorgebrachten Aussagen und Annahmen wird kein Anspruch auf Vollst\u00e4ndigkeit erhoben. Dieses Wiki, wie das Projekt insgesamt, ist &#8222;Work in Progress&#8220;. Wir hei\u00dfen konstruktive Kritik und inhaltliche Hinweise oder Erg\u00e4nzungen herzlich willkommen, um unsere Arbeit und damit das Projekt COMPPRESS stetig zu verbessern. Gern nehmen wir \u00fcber info@comppress.org&hellip;<\/p>","protected":false},"author":1,"featured_media":0,"parent":0,"menu_order":0,"comment_status":"closed","ping_status":"closed","template":"tw-no-title.php","meta":{"footnotes":""},"featured_image_urls":{"full":"","thumbnail":"","medium":"","medium_large":"","large":"","1536x1536":"","2048x2048":"","trp-custom-language-flag":"","post-thumbnail":"","twentytwenty-fullscreen":""},"post_excerpt_stackable":"<p>Eine Einordnung unseres L\u00f6sungskonzepts Disclaimer: F\u00fcr alle hier vorgebrachten Aussagen und Annahmen wird kein Anspruch auf Vollst\u00e4ndigkeit erhoben. Dieses Wiki, wie das Projekt insgesamt, ist &#8222;Work in Progress&#8220;. Wir hei\u00dfen konstruktive Kritik und inhaltliche Hinweise oder Erg\u00e4nzungen herzlich willkommen, um unsere Arbeit und damit das Projekt COMPPRESS stetig zu verbessern. Gern nehmen wir \u00fcber info@comppress.org oder \u00fcber Github Ihr Feedback entgegen. F\u00fcr alle Aspekte unserer Problembeschreibung und &#8222;L\u00f6sung&#8220; gilt, dass keine als allumfassend oder ausreichend angesehen wird. Die genannten Zusammenh\u00e4nge sind weder monokausal noch alleinig g\u00fcltig. Meinungen \u00fcber politische Entscheidungen werden nicht nur durch den Konsum der Medien beeinflusst oder&hellip;<\/p>\n","category_list":"","author_info":{"name":"WordpressAdmin","url":"https:\/\/comppress.org\/en\/author\/wordpressadmin\/"},"comments_num":"0 comments","yoast_head":"<!-- This site is optimized with the Yoast SEO plugin v22.0 - https:\/\/yoast.com\/wordpress\/plugins\/seo\/ -->\n<title>COMPPRESS | Wiki Verlinkung 2 Einordnung L\u00f6sung<\/title>\n<meta name=\"robots\" content=\"index, follow, max-snippet:-1, max-image-preview:large, max-video-preview:-1\" \/>\n<link rel=\"canonical\" href=\"https:\/\/comppress.org\/en\/wiki-verlinkung-2-einordnung-loesung\/\" \/>\n<meta property=\"og:locale\" content=\"en_US\" \/>\n<meta property=\"og:type\" content=\"article\" \/>\n<meta property=\"og:title\" content=\"COMPPRESS | Wiki Verlinkung 2 Einordnung L\u00f6sung\" \/>\n<meta property=\"og:description\" content=\"Eine Einordnung unseres L\u00f6sungskonzepts Disclaimer: F\u00fcr alle hier vorgebrachten Aussagen und Annahmen wird kein Anspruch auf Vollst\u00e4ndigkeit erhoben. Dieses Wiki, wie das Projekt insgesamt, ist &#8222;Work in Progress&#8220;. Wir hei\u00dfen konstruktive Kritik und inhaltliche Hinweise oder Erg\u00e4nzungen herzlich willkommen, um unsere Arbeit und damit das Projekt COMPPRESS stetig zu verbessern. Gern nehmen wir \u00fcber info@comppress.org&hellip;\" \/>\n<meta property=\"og:url\" content=\"https:\/\/comppress.org\/en\/wiki-verlinkung-2-einordnung-loesung\/\" \/>\n<meta property=\"og:site_name\" content=\"COMPPRESS\" \/>\n<meta name=\"twitter:card\" content=\"summary_large_image\" \/>\n<meta name=\"twitter:label1\" content=\"Est. reading time\" \/>\n\t<meta name=\"twitter:data1\" content=\"1 minute\" \/>\n<script type=\"application\/ld+json\" class=\"yoast-schema-graph\">{\"@context\":\"https:\/\/schema.org\",\"@graph\":[{\"@type\":\"WebPage\",\"@id\":\"https:\/\/comppress.org\/wiki-verlinkung-2-einordnung-loesung\/\",\"url\":\"https:\/\/comppress.org\/wiki-verlinkung-2-einordnung-loesung\/\",\"name\":\"COMPPRESS | Wiki Verlinkung 2 Einordnung L\u00f6sung\",\"isPartOf\":{\"@id\":\"https:\/\/comppress.org\/#website\"},\"datePublished\":\"2021-08-15T12:30:56+00:00\",\"dateModified\":\"2021-08-15T12:30:56+00:00\",\"breadcrumb\":{\"@id\":\"https:\/\/comppress.org\/wiki-verlinkung-2-einordnung-loesung\/#breadcrumb\"},\"inLanguage\":\"en-US\",\"potentialAction\":[{\"@type\":\"ReadAction\",\"target\":[\"https:\/\/comppress.org\/wiki-verlinkung-2-einordnung-loesung\/\"]}]},{\"@type\":\"BreadcrumbList\",\"@id\":\"https:\/\/comppress.org\/wiki-verlinkung-2-einordnung-loesung\/#breadcrumb\",\"itemListElement\":[{\"@type\":\"ListItem\",\"position\":1,\"name\":\"Home\",\"item\":\"https:\/\/comppress.org\/\"},{\"@type\":\"ListItem\",\"position\":2,\"name\":\"Wiki Verlinkung 2 Einordnung L\u00f6sung\"}]},{\"@type\":\"WebSite\",\"@id\":\"https:\/\/comppress.org\/#website\",\"url\":\"https:\/\/comppress.org\/\",\"name\":\"COMPPRESS\",\"description\":\"Verpflichten Sie Journalismus zu Qualit\u00e4t.\",\"publisher\":{\"@id\":\"https:\/\/comppress.org\/#organization\"},\"potentialAction\":[{\"@type\":\"SearchAction\",\"target\":{\"@type\":\"EntryPoint\",\"urlTemplate\":\"https:\/\/comppress.org\/?s={search_term_string}\"},\"query-input\":\"required name=search_term_string\"}],\"inLanguage\":\"en-US\"},{\"@type\":\"Organization\",\"@id\":\"https:\/\/comppress.org\/#organization\",\"name\":\"COMPPRESS e.V.\",\"url\":\"https:\/\/comppress.org\/\",\"logo\":{\"@type\":\"ImageObject\",\"inLanguage\":\"en-US\",\"@id\":\"https:\/\/comppress.org\/#\/schema\/logo\/image\/\",\"url\":\"https:\/\/comppress.org\/wp-content\/uploads\/COMP_PRESS.png\",\"contentUrl\":\"https:\/\/comppress.org\/wp-content\/uploads\/COMP_PRESS.png\",\"width\":512,\"height\":512,\"caption\":\"COMPPRESS e.V.\"},\"image\":{\"@id\":\"https:\/\/comppress.org\/#\/schema\/logo\/image\/\"}}]}<\/script>\n<!-- \/ Yoast SEO plugin. -->","yoast_head_json":{"title":"COMPPRESS | Wiki Verlinkung 2 Einordnung L\u00f6sung","robots":{"index":"index","follow":"follow","max-snippet":"max-snippet:-1","max-image-preview":"max-image-preview:large","max-video-preview":"max-video-preview:-1"},"canonical":"https:\/\/comppress.org\/en\/wiki-verlinkung-2-einordnung-loesung\/","og_locale":"en_US","og_type":"article","og_title":"COMPPRESS | Wiki Verlinkung 2 Einordnung L\u00f6sung","og_description":"Eine Einordnung unseres L\u00f6sungskonzepts Disclaimer: F\u00fcr alle hier vorgebrachten Aussagen und Annahmen wird kein Anspruch auf Vollst\u00e4ndigkeit erhoben. Dieses Wiki, wie das Projekt insgesamt, ist &#8222;Work in Progress&#8220;. Wir hei\u00dfen konstruktive Kritik und inhaltliche Hinweise oder Erg\u00e4nzungen herzlich willkommen, um unsere Arbeit und damit das Projekt COMPPRESS stetig zu verbessern. Gern nehmen wir \u00fcber info@comppress.org&hellip;","og_url":"https:\/\/comppress.org\/en\/wiki-verlinkung-2-einordnung-loesung\/","og_site_name":"COMPPRESS","twitter_card":"summary_large_image","twitter_misc":{"Est. reading time":"1 minute"},"schema":{"@context":"https:\/\/schema.org","@graph":[{"@type":"WebPage","@id":"https:\/\/comppress.org\/wiki-verlinkung-2-einordnung-loesung\/","url":"https:\/\/comppress.org\/wiki-verlinkung-2-einordnung-loesung\/","name":"COMPPRESS | Wiki Verlinkung 2 Einordnung L\u00f6sung","isPartOf":{"@id":"https:\/\/comppress.org\/#website"},"datePublished":"2021-08-15T12:30:56+00:00","dateModified":"2021-08-15T12:30:56+00:00","breadcrumb":{"@id":"https:\/\/comppress.org\/wiki-verlinkung-2-einordnung-loesung\/#breadcrumb"},"inLanguage":"en-US","potentialAction":[{"@type":"ReadAction","target":["https:\/\/comppress.org\/wiki-verlinkung-2-einordnung-loesung\/"]}]},{"@type":"BreadcrumbList","@id":"https:\/\/comppress.org\/wiki-verlinkung-2-einordnung-loesung\/#breadcrumb","itemListElement":[{"@type":"ListItem","position":1,"name":"Home","item":"https:\/\/comppress.org\/"},{"@type":"ListItem","position":2,"name":"Wiki Verlinkung 2 Einordnung L\u00f6sung"}]},{"@type":"WebSite","@id":"https:\/\/comppress.org\/#website","url":"https:\/\/comppress.org\/","name":"COMPPRESS","description":"Verpflichten Sie Journalismus zu Qualit\u00e4t.","publisher":{"@id":"https:\/\/comppress.org\/#organization"},"potentialAction":[{"@type":"SearchAction","target":{"@type":"EntryPoint","urlTemplate":"https:\/\/comppress.org\/?s={search_term_string}"},"query-input":"required name=search_term_string"}],"inLanguage":"en-US"},{"@type":"Organization","@id":"https:\/\/comppress.org\/#organization","name":"COMPPRESS e.V.","url":"https:\/\/comppress.org\/","logo":{"@type":"ImageObject","inLanguage":"en-US","@id":"https:\/\/comppress.org\/#\/schema\/logo\/image\/","url":"https:\/\/comppress.org\/wp-content\/uploads\/COMP_PRESS.png","contentUrl":"https:\/\/comppress.org\/wp-content\/uploads\/COMP_PRESS.png","width":512,"height":512,"caption":"COMPPRESS e.V."},"image":{"@id":"https:\/\/comppress.org\/#\/schema\/logo\/image\/"}}]}},"_links":{"self":[{"href":"https:\/\/comppress.org\/en\/wp-json\/wp\/v2\/pages\/1277"}],"collection":[{"href":"https:\/\/comppress.org\/en\/wp-json\/wp\/v2\/pages"}],"about":[{"href":"https:\/\/comppress.org\/en\/wp-json\/wp\/v2\/types\/page"}],"author":[{"embeddable":true,"href":"https:\/\/comppress.org\/en\/wp-json\/wp\/v2\/users\/1"}],"replies":[{"embeddable":true,"href":"https:\/\/comppress.org\/en\/wp-json\/wp\/v2\/comments?post=1277"}],"version-history":[{"count":1,"href":"https:\/\/comppress.org\/en\/wp-json\/wp\/v2\/pages\/1277\/revisions"}],"predecessor-version":[{"id":1278,"href":"https:\/\/comppress.org\/en\/wp-json\/wp\/v2\/pages\/1277\/revisions\/1278"}],"wp:attachment":[{"href":"https:\/\/comppress.org\/en\/wp-json\/wp\/v2\/media?parent=1277"}],"curies":[{"name":"wp","href":"https:\/\/api.w.org\/{rel}","templated":true}]}}