{"id":1270,"date":"2021-08-15T12:03:42","date_gmt":"2021-08-15T11:03:42","guid":{"rendered":"https:\/\/comppress.org\/?page_id=1270"},"modified":"2021-08-15T12:03:43","modified_gmt":"2021-08-15T11:03:43","slug":"wiki-verlinkung-1c-handlungsmaximen","status":"publish","type":"page","link":"https:\/\/comppress.org\/en\/wiki-verlinkung-1c-handlungsmaximen\/","title":{"rendered":"Wiki Verlinkung 1c Handlungsmaximen"},"content":{"rendered":"<p class=\"has-h-2-font-size\" style=\"line-height:1\"><strong>How Can There Be Different Guiding Principles?<\/strong><\/p>\n\n\n\n<p><em>Disclaimer: No claim to completeness is made for any of the statements and assumptions contained herein. This wiki, like the project as a whole, is a \"work in progress\". We warmly welcome constructive criticism and content-related information or additions in order to continuously improve our work and thus the COMPPRESS project. We are happy to receive your feedback via info@comppress.org or via Github.<\/em><\/p>\n\n\n\n<p>Media production is described as \"dual institutionalisation\", since media products simultaneously represent both a cultural and an economic asset. Whereas media products as cultural assets are (or should be) designed, produced and distributed with the aim of fulfilling the idealistic missions of social information, opinion formation, governance and entertainment, media products as economic goods must above all be able to be sold profitably on the free market. This means they have to be produced with the aim of good marketability. These two \"institutionalisations\" result in two different value systems with different goals in the same market.<sup> 1<\/sup><\/p>\n\n\n\n<p>The fact that media products also represent economic goods means that their production and marketing are at least partially subject to the laws of the market. However, media products are characterised, among other things, by non-rivalry in consumption and failure of the market exclusion principle: \"The non-excludability of market participants as an argument on the supply side and non-rivalry in consumption as a problem on the demand side make it fundamentally difficult to cover the costs of such media in terms of the market.\"<sup> 1<\/sup><\/p>\n\n\n\n<p><em>Advertising as an additional source of income<\/em><\/p>\n\n\n\n<p>Since the advent of the mass media during the first half of the 20th Century, advertising revenue\u2014alongside revenue from direct sales\u2014has become the most important source of funding for private media producers. In Noam Chomsky's and Edward S. Herman's \"Propaganda Model\" it is argued that media producers are structurally financially dependent on advertisers due to historical market developments.<\/p>\n\n\n\n<p>At the beginning of the corporate publishing of mass media, advertising income brought a clear resource advantage over those media producers who did not use advertising income as an additional source of income. Increased sales led to a higher potential circulation. This in turn increased turnover through sales and secured market advantages for the companies involved. Such developments made it necessary for all companies to likewise increase their income through advertising in order to achieve a higher circulation and continue to be marketable. The result was a financial equilibrium of the media producers in which none of the parties involved could remain competitive without accepting advertising.<sup> 2<\/sup><\/p>\n\n\n\n<p>Noam Chomsky's analysis of the North American media market of the 80s and 90s show clear indications that indirect dependencies on advertisers existed or exist and that the model is \"applicable\" to other democratic systems with privately organised mass media markets \u2013 including Germany.<a><sup>3<\/sup><\/a><strong> Chomsky and Herman emphasise that they do not assume a direct conspiracy or direct influence of individual actors, but a product of economic and political constraints<\/strong>.<sup>2<\/sup><\/p>\n\n\n\n<p>The decisive factor is precisely this compulsion \u2013 the structural: purely potentially, advertisers have the opportunity to exert economic pressure on a media company by withdrawing their orders.<\/p>\n\n\n\n<p>Even in more contemporary analyses, the indirect influence of advertising on media content is assessed as strong. The concrete content of a media product is in principle of little interest to the advertising industry as long as the content does not have a negative impact on the advertising effect. In addition, advertising has an effect on the media content in that the client is supposed to reach special target groups for advertising. The media companies can therefore be exposed to the demand that they should convey content which attracts and keeps the attention of the desired target group. If the medium is dependent on advertising funding, this can theoretically be enforced through willingness to pay as a means of pressure. <strong>Here, too, it should be noted that this is not a thesis of direct and concrete (political) influence on media content. The influence is less intentional and direct, but takes place indirectly, structurally and in the long term via the economic goals of the advertising market<\/strong>.<sup> <a>4<\/a><\/sup><\/p>\n\n\n\n<p><em>Market participants and their influence<\/em><\/p>\n\n\n\n<p>The large proportion of funding from advertising revenue also weakens the position of media consumers in the media market. As economic actors, consumers are fundamentally dependent on how much market power they have or to what extent their preferences are \"heard\" on the market. In the case of media financed by advertising, however, the media consumers are no longer the sole market partner for the producer, nor are they the only ones whose preferences are relevant to the market. The content and diversity of the offer or the time horizon of a discourse on certain topics can also be created in a market with proportional advertising funding based on the criteria of certain advertising-relevant target groups or with a sole focus on large reach. In this case, media consumers who are not interested in advertising have no way of enforcing their preferences, as their market power is limited.<sup>4<\/sup><\/p>\n\n\n\n<p><em>Goods of trust<\/em><\/p>\n\n\n\n<p>However, the market position of media consumers is fundamentally very limited, especially in the case of media that manage without advertising funding, compared to consumers in classical economic theory. Media consumers are fundamentally ignorant of the quality of the specific product they are buying. There are no objective quality standards for media in the way there are for most other products, allowing one to make selections based on specific criteria. In addition, the constant pressure to innovate in informative media content also leads to uncertainty. After all, the media producers neither know to what extent new information will be available, nor do the media consumers know whether it is news that is of interest to them. Media consumers find it difficult to choose or distance themselves from something they do not yet know about. The consumer can only determine its usefulness or quality by purchasing and using a media product. These are so-called trust goods.<sup>4<\/sup> The market partnership with a producer on which only trust or experience goods are traded contains an information asymmetry to the detriment of the media consumers vis-\u00e0-vis the producers.<sup>1<\/sup><\/p>\n\n\n\n<p><em>Special feature of online journalism<\/em><\/p>\n\n\n\n<p>The fact that consumers cannot assess media products before consuming them is heightened in the online marketplace. In contrast to the analog media products, the financial remuneration for advertisements is measured online based on the number of visits per page (page views). This means that an online newspaper article, for example, is financially rewarded by the consumer when the page is called up. Before visiting the site, only the title of an article can be viewed; whilst in the classic print business newspapers, for example, and the content can at least be assessed before purchase. In the online market, every click is usually a purchase. This further weakens the market position of media consumers.<\/p>\n\n\n\n<p><em>Consequences<\/em><\/p>\n\n\n\n<p>In summary, it can be said that media as cultural goods (ideally) correspond to their ideal mission, while other motives or values play a decisive role in the conception and production of media as economic goods.<\/p>\n\n\n\n<p>If the economic mechanisms of action are of great and growing importance, the term \"economisation\" is also used. This is accompanied by the fear that the social functions of the cultural asset can no longer be fulfilled.<sup>1<\/sup><\/p>\n\n\n\n<p>As assets that are highly dependent on the income from advertisements, \"refinancing through the \"sale\" of the attention streams generated is [striven for]\" when marketing media products.<sup>5<\/sup>This can mean, especially in the online market, that more and more media products are generated that are designed to attract lots of attention\u2014in order to sell as much as possible\u2014in contrast to a media product as a cultural asset. Consequences of this can be, for example:<\/p>\n\n\n\n<p>\u2013 Media products are brought onto the market with falsely sensational titles and provided with little following content in order to generate web traffic (clickbait).<\/p>\n\n\n\n<p>\u2013 There may be fewer reports of grievances that could be associated with advertisers.<\/p>\n\n\n\n<p>&nbsp;\u2013 Topics that are intended to please certain target groups are reported instead of, for example, topics of social relevance.<\/p>\n\n\n\n<p>\u2013 The length and thus the depth of the analysis of newspaper articles, for example, is reduced overall, since a longer, more detailed article would not generate any new web traffic.<\/p>\n\n\n\n<p>\u2013 The quality of the content in terms of the actual tasks of the media is reduced.&nbsp;&nbsp;&nbsp;&nbsp;&nbsp;&nbsp;&nbsp;&nbsp;&nbsp;&nbsp;&nbsp;&nbsp;&nbsp;&nbsp;&nbsp;&nbsp;&nbsp;&nbsp;&nbsp;&nbsp;&nbsp;&nbsp;&nbsp;&nbsp;&nbsp;<\/p>\n\n\n\n<p class=\"has-small-font-size\"><strong>Sources:<\/strong><\/p>\n\n\n\n<p class=\"has-small-font-size\">1. Haselwander, Peter (2015): Alternative Medienfinanzierung \u00fcber Crowdfunding. Magisterarbeit, Universit\u00e4t Wien. Fakult\u00e4t f\u00fcr Sozialwissenschaften. Abgerufen unter http:\/\/othes.univie.ac.at\/39046\/<br>2. Noam Chomsky\u2019s Manufacturing consent: the political economy of the mass media. (2002)<br>3. Pedro-Cara\u00f1ana, Joan, et al., editors. \u201cFront Matter.\u201d THE PROPAGANDA MODEL TODAY: Filtering Perception and Awareness, vol. 8, University of Westminster Press, London, 2018, pp. i-vi. JSTOR, www.jstor.org\/stable\/j.ctv7h0ts6.1. Accessed 14 Aug. 2021.<br>4. Kiefer, Marie Luise und Steininger, Christian (2013): Medien\u00f6konomik, M\u00fcnchen: Oldenbourg Wissenschaftsverlag. Abgerufen \u00fcber https:\/\/doi.org\/10.1524\/9783486859263<br>5. Rau, Harald (2014): Digitale D\u00e4mmerung: die Entmaterialisierung der Medienwirtschaft. 1. Aufl. Baden-Baden: Nomos: In Haselwander 2015.<\/p>","protected":false},"excerpt":{"rendered":"<p>Wie kann es zu unterschiedlichen Handlungsmaximen kommen? Disclaimer: F\u00fcr alle hier vorgebrachten Aussagen und Annahmen wird kein Anspruch auf Vollst\u00e4ndigkeit erhoben. Dieses Wiki, wie das Projekt insgesamt, ist &#8222;Work in Progress&#8220;. Wir hei\u00dfen konstruktive Kritik und inhaltliche Hinweise oder Erg\u00e4nzungen herzlich willkommen, um unsere Arbeit und damit das Projekt COMPPRESS stetig zu verbessern. Gern nehmen&hellip;<\/p>","protected":false},"author":1,"featured_media":0,"parent":0,"menu_order":0,"comment_status":"closed","ping_status":"closed","template":"tw-no-title.php","meta":{"footnotes":""},"featured_image_urls":{"full":"","thumbnail":"","medium":"","medium_large":"","large":"","1536x1536":"","2048x2048":"","trp-custom-language-flag":"","post-thumbnail":"","twentytwenty-fullscreen":""},"post_excerpt_stackable":"<p>Wie kann es zu unterschiedlichen Handlungsmaximen kommen? Disclaimer: F\u00fcr alle hier vorgebrachten Aussagen und Annahmen wird kein Anspruch auf Vollst\u00e4ndigkeit erhoben. Dieses Wiki, wie das Projekt insgesamt, ist &#8222;Work in Progress&#8220;. Wir hei\u00dfen konstruktive Kritik und inhaltliche Hinweise oder Erg\u00e4nzungen herzlich willkommen, um unsere Arbeit und damit das Projekt COMPPRESS stetig zu verbessern. Gern nehmen wir \u00fcber info@comppress.org oder \u00fcber Github Ihr Feedback entgegen. Die Medienproduktion wird als &#8222;Doppelinstitutionalisierung&#8220; beschrieben, da Medienprodukte gleichzeitig sowohl ein Kulturgut als auch ein Wirtschaftsgut darstellen. W\u00e4hrend Medienprodukte als Kulturgut, mit dem Ziel entworfen, hergestellt und verbreitet werden (sollten), die ideellen Auftr\u00e4ge gesellschaftlicher Information, Meinungsbildung,&hellip;<\/p>\n","category_list":"","author_info":{"name":"WordpressAdmin","url":"https:\/\/comppress.org\/en\/author\/wordpressadmin\/"},"comments_num":"0 comments","yoast_head":"<!-- This site is optimized with the Yoast SEO plugin v22.0 - https:\/\/yoast.com\/wordpress\/plugins\/seo\/ -->\n<title>COMPPRESS | Wiki Verlinkung 1c Handlungsmaximen<\/title>\n<meta name=\"robots\" content=\"index, follow, max-snippet:-1, max-image-preview:large, max-video-preview:-1\" \/>\n<link rel=\"canonical\" href=\"https:\/\/comppress.org\/en\/wiki-verlinkung-1c-handlungsmaximen\/\" \/>\n<meta property=\"og:locale\" content=\"en_US\" \/>\n<meta property=\"og:type\" content=\"article\" \/>\n<meta property=\"og:title\" content=\"COMPPRESS | Wiki Verlinkung 1c Handlungsmaximen\" \/>\n<meta property=\"og:description\" content=\"Wie kann es zu unterschiedlichen Handlungsmaximen kommen? Disclaimer: F\u00fcr alle hier vorgebrachten Aussagen und Annahmen wird kein Anspruch auf Vollst\u00e4ndigkeit erhoben. Dieses Wiki, wie das Projekt insgesamt, ist &#8222;Work in Progress&#8220;. Wir hei\u00dfen konstruktive Kritik und inhaltliche Hinweise oder Erg\u00e4nzungen herzlich willkommen, um unsere Arbeit und damit das Projekt COMPPRESS stetig zu verbessern. Gern nehmen&hellip;\" \/>\n<meta property=\"og:url\" content=\"https:\/\/comppress.org\/en\/wiki-verlinkung-1c-handlungsmaximen\/\" \/>\n<meta property=\"og:site_name\" content=\"COMPPRESS\" \/>\n<meta property=\"article:modified_time\" content=\"2021-08-15T11:03:43+00:00\" \/>\n<meta name=\"twitter:card\" content=\"summary_large_image\" \/>\n<meta name=\"twitter:label1\" content=\"Est. reading time\" \/>\n\t<meta name=\"twitter:data1\" content=\"6 minutes\" \/>\n<script type=\"application\/ld+json\" class=\"yoast-schema-graph\">{\"@context\":\"https:\/\/schema.org\",\"@graph\":[{\"@type\":\"WebPage\",\"@id\":\"https:\/\/comppress.org\/wiki-verlinkung-1c-handlungsmaximen\/\",\"url\":\"https:\/\/comppress.org\/wiki-verlinkung-1c-handlungsmaximen\/\",\"name\":\"COMPPRESS | Wiki Verlinkung 1c Handlungsmaximen\",\"isPartOf\":{\"@id\":\"https:\/\/comppress.org\/#website\"},\"datePublished\":\"2021-08-15T11:03:42+00:00\",\"dateModified\":\"2021-08-15T11:03:43+00:00\",\"breadcrumb\":{\"@id\":\"https:\/\/comppress.org\/wiki-verlinkung-1c-handlungsmaximen\/#breadcrumb\"},\"inLanguage\":\"en-US\",\"potentialAction\":[{\"@type\":\"ReadAction\",\"target\":[\"https:\/\/comppress.org\/wiki-verlinkung-1c-handlungsmaximen\/\"]}]},{\"@type\":\"BreadcrumbList\",\"@id\":\"https:\/\/comppress.org\/wiki-verlinkung-1c-handlungsmaximen\/#breadcrumb\",\"itemListElement\":[{\"@type\":\"ListItem\",\"position\":1,\"name\":\"Home\",\"item\":\"https:\/\/comppress.org\/\"},{\"@type\":\"ListItem\",\"position\":2,\"name\":\"Wiki Verlinkung 1c Handlungsmaximen\"}]},{\"@type\":\"WebSite\",\"@id\":\"https:\/\/comppress.org\/#website\",\"url\":\"https:\/\/comppress.org\/\",\"name\":\"COMPPRESS\",\"description\":\"Verpflichten Sie Journalismus zu Qualit\u00e4t.\",\"publisher\":{\"@id\":\"https:\/\/comppress.org\/#organization\"},\"potentialAction\":[{\"@type\":\"SearchAction\",\"target\":{\"@type\":\"EntryPoint\",\"urlTemplate\":\"https:\/\/comppress.org\/?s={search_term_string}\"},\"query-input\":\"required name=search_term_string\"}],\"inLanguage\":\"en-US\"},{\"@type\":\"Organization\",\"@id\":\"https:\/\/comppress.org\/#organization\",\"name\":\"COMPPRESS e.V.\",\"url\":\"https:\/\/comppress.org\/\",\"logo\":{\"@type\":\"ImageObject\",\"inLanguage\":\"en-US\",\"@id\":\"https:\/\/comppress.org\/#\/schema\/logo\/image\/\",\"url\":\"https:\/\/comppress.org\/wp-content\/uploads\/COMP_PRESS.png\",\"contentUrl\":\"https:\/\/comppress.org\/wp-content\/uploads\/COMP_PRESS.png\",\"width\":512,\"height\":512,\"caption\":\"COMPPRESS e.V.\"},\"image\":{\"@id\":\"https:\/\/comppress.org\/#\/schema\/logo\/image\/\"}}]}<\/script>\n<!-- \/ Yoast SEO plugin. -->","yoast_head_json":{"title":"COMPPRESS | Wiki Verlinkung 1c Handlungsmaximen","robots":{"index":"index","follow":"follow","max-snippet":"max-snippet:-1","max-image-preview":"max-image-preview:large","max-video-preview":"max-video-preview:-1"},"canonical":"https:\/\/comppress.org\/en\/wiki-verlinkung-1c-handlungsmaximen\/","og_locale":"en_US","og_type":"article","og_title":"COMPPRESS | Wiki Verlinkung 1c Handlungsmaximen","og_description":"Wie kann es zu unterschiedlichen Handlungsmaximen kommen? Disclaimer: F\u00fcr alle hier vorgebrachten Aussagen und Annahmen wird kein Anspruch auf Vollst\u00e4ndigkeit erhoben. Dieses Wiki, wie das Projekt insgesamt, ist &#8222;Work in Progress&#8220;. Wir hei\u00dfen konstruktive Kritik und inhaltliche Hinweise oder Erg\u00e4nzungen herzlich willkommen, um unsere Arbeit und damit das Projekt COMPPRESS stetig zu verbessern. Gern nehmen&hellip;","og_url":"https:\/\/comppress.org\/en\/wiki-verlinkung-1c-handlungsmaximen\/","og_site_name":"COMPPRESS","article_modified_time":"2021-08-15T11:03:43+00:00","twitter_card":"summary_large_image","twitter_misc":{"Est. reading time":"6 minutes"},"schema":{"@context":"https:\/\/schema.org","@graph":[{"@type":"WebPage","@id":"https:\/\/comppress.org\/wiki-verlinkung-1c-handlungsmaximen\/","url":"https:\/\/comppress.org\/wiki-verlinkung-1c-handlungsmaximen\/","name":"COMPPRESS | Wiki Verlinkung 1c Handlungsmaximen","isPartOf":{"@id":"https:\/\/comppress.org\/#website"},"datePublished":"2021-08-15T11:03:42+00:00","dateModified":"2021-08-15T11:03:43+00:00","breadcrumb":{"@id":"https:\/\/comppress.org\/wiki-verlinkung-1c-handlungsmaximen\/#breadcrumb"},"inLanguage":"en-US","potentialAction":[{"@type":"ReadAction","target":["https:\/\/comppress.org\/wiki-verlinkung-1c-handlungsmaximen\/"]}]},{"@type":"BreadcrumbList","@id":"https:\/\/comppress.org\/wiki-verlinkung-1c-handlungsmaximen\/#breadcrumb","itemListElement":[{"@type":"ListItem","position":1,"name":"Home","item":"https:\/\/comppress.org\/"},{"@type":"ListItem","position":2,"name":"Wiki Verlinkung 1c Handlungsmaximen"}]},{"@type":"WebSite","@id":"https:\/\/comppress.org\/#website","url":"https:\/\/comppress.org\/","name":"COMPPRESS","description":"Verpflichten Sie Journalismus zu Qualit\u00e4t.","publisher":{"@id":"https:\/\/comppress.org\/#organization"},"potentialAction":[{"@type":"SearchAction","target":{"@type":"EntryPoint","urlTemplate":"https:\/\/comppress.org\/?s={search_term_string}"},"query-input":"required name=search_term_string"}],"inLanguage":"en-US"},{"@type":"Organization","@id":"https:\/\/comppress.org\/#organization","name":"COMPPRESS e.V.","url":"https:\/\/comppress.org\/","logo":{"@type":"ImageObject","inLanguage":"en-US","@id":"https:\/\/comppress.org\/#\/schema\/logo\/image\/","url":"https:\/\/comppress.org\/wp-content\/uploads\/COMP_PRESS.png","contentUrl":"https:\/\/comppress.org\/wp-content\/uploads\/COMP_PRESS.png","width":512,"height":512,"caption":"COMPPRESS e.V."},"image":{"@id":"https:\/\/comppress.org\/#\/schema\/logo\/image\/"}}]}},"_links":{"self":[{"href":"https:\/\/comppress.org\/en\/wp-json\/wp\/v2\/pages\/1270"}],"collection":[{"href":"https:\/\/comppress.org\/en\/wp-json\/wp\/v2\/pages"}],"about":[{"href":"https:\/\/comppress.org\/en\/wp-json\/wp\/v2\/types\/page"}],"author":[{"embeddable":true,"href":"https:\/\/comppress.org\/en\/wp-json\/wp\/v2\/users\/1"}],"replies":[{"embeddable":true,"href":"https:\/\/comppress.org\/en\/wp-json\/wp\/v2\/comments?post=1270"}],"version-history":[{"count":1,"href":"https:\/\/comppress.org\/en\/wp-json\/wp\/v2\/pages\/1270\/revisions"}],"predecessor-version":[{"id":1271,"href":"https:\/\/comppress.org\/en\/wp-json\/wp\/v2\/pages\/1270\/revisions\/1271"}],"wp:attachment":[{"href":"https:\/\/comppress.org\/en\/wp-json\/wp\/v2\/media?parent=1270"}],"curies":[{"name":"wp","href":"https:\/\/api.w.org\/{rel}","templated":true}]}}