{"id":1263,"date":"2021-08-15T11:49:04","date_gmt":"2021-08-15T10:49:04","guid":{"rendered":"https:\/\/comppress.org\/?page_id=1263"},"modified":"2021-08-15T12:10:20","modified_gmt":"2021-08-15T11:10:20","slug":"wiki-verlinkung-1b-2","status":"publish","type":"page","link":"https:\/\/comppress.org\/en\/wiki-verlinkung-1b-2\/","title":{"rendered":"Wiki Verlinkung 1b sich zu finanzieren"},"content":{"rendered":"<p class=\"has-h-2-font-size\" style=\"line-height:1\"><strong>Media Producers as a Company<\/strong><\/p>\n\n\n\n<p><em>Disclaimer: No claim to completeness is made for any of the statements and assumptions contained herein. This wiki, like the project as a whole, is a \"work in progress\". We warmly welcome constructive criticism and content-related information or additions in order to continuously improve our work and thus the COMPPRESS project. We are happy to receive your feedback via info@comppress.org or via Github.<\/em><\/p>\n\n\n\n<p>In the dual media system, public broadcasting (including internet presence) and private media producers share the media market. While public service broadcasting is largely financed by state-issued license fees and to a small extent from advertising income, all private-sector media companies have to sell their media products on the market at a profit.<\/p>\n\n\n\n<p>Traditional print media are financed through a mixed model of sales revenues (subscriptions and individual sales) and advertising income. Up until the year 2000, two-thirds of publishing house revenues were generated through advertising. Since the extreme growth in the importance of the Internet, however, the newsprint advertising industry has greatly declined, as the Internet offers a superior\u2014and above all economically more attractive\u2014platform for advertisers. Nevertheless, although the use of online content today is for the most part free of charge, online journalism is characterised by advertising income (70-84% of the online news content is financed by advertisement placement).<a><sup>1<\/sup><\/a> Other online payment methods, albeit in a significantly smaller proportion, are, for example, paywalls at various levels, donations, e-papers \/ online subscriptions, and crowdfunding.<\/p>\n\n\n\n<p>The ownership structure of media providers is also shaped by the need to produce economically. Media producers are usually organised as publishers who combine several providers and other subcontractors under media companies. Many media companies are also grouped together as large, diverse and sometimes international corporations. Bertelsmann, for example, is the largest media company in Germany and the 9th largest media company in the world, with annual sales of over 16 billion euros. The company operates internationally and owns TV stations, the Penguin Randomhouse publishing house, magazine brands such as STERN and BRIGITTE, the music company BMG, and even the service provider Arvato. In Germany, Bertelsmann is the owner of the RTL Group, with a share of around 25% in the media market. Bertelsmann also owns Gruner + Jahr GmbH, the second largest publisher in Europe.<sup> 2<\/sup><\/p>\n\n\n\n<p><strong>&nbsp;Sources of Income in the Media Market 2005<\/strong><sup>3<\/sup><strong><\/strong><\/p>\n\n\n\n<figure class=\"wp-block-image size-large\"><img loading=\"lazy\" decoding=\"async\" width=\"602\" height=\"300\" src=\"https:\/\/comppress.org\/wp-content\/uploads\/Finanzierungsquellen-Medien-2005.png\" alt=\"\" class=\"wp-image-1265\" srcset=\"https:\/\/comppress.org\/wp-content\/uploads\/Finanzierungsquellen-Medien-2005.png 602w, https:\/\/comppress.org\/wp-content\/uploads\/Finanzierungsquellen-Medien-2005-300x150.png 300w, https:\/\/comppress.org\/wp-content\/uploads\/Finanzierungsquellen-Medien-2005-18x9.png 18w\" sizes=\"(max-width: 602px) 100vw, 602px\" \/><\/figure>\n\n\n\n<p><\/p>\n\n\n\n<p class=\"has-small-font-size\"><strong>Sources:<\/strong><br>1. bdzv 2020: https:\/\/www.bdzv.de\/alle-themen\/marktdaten\/zur-wirtschaftlichen-lage-der-deutschen-zeitungen-2021<br>2. CeMIL 2020: https:\/\/www.polsoz.fu-berlin.de\/kommwiss\/institut\/cemil\/schule\/schule_inhaltselemente\/12_mediensystem\/a_mediensystem.html<br>3. Haselwander, Peter (2015): Alternative Medienfinanzierung \u00fcber Crowdfunding. Magisterarbeit, Universit\u00e4t Wien. Fakult\u00e4t f\u00fcr Sozialwissenschaften. Abgerufen unter http:\/\/othes.univie.ac.at\/39046\/<\/p>","protected":false},"excerpt":{"rendered":"<p>Medienproduzenten als Unternehmen Disclaimer: F\u00fcr alle hier vorgebrachten Aussagen und Annahmen wird kein Anspruch auf Vollst\u00e4ndigkeit erhoben. Dieses Wiki, wie das Projekt insgesamt, ist &#8222;Work in Progress&#8220;. Wir hei\u00dfen konstruktive Kritik und inhaltliche Hinweise oder Erg\u00e4nzungen herzlich willkommen, um unsere Arbeit und damit das Projekt COMPPRESS stetig zu verbessern. Gern nehmen wir \u00fcber info@comppress.org oder&hellip;<\/p>","protected":false},"author":1,"featured_media":0,"parent":0,"menu_order":0,"comment_status":"closed","ping_status":"closed","template":"tw-no-title.php","meta":{"footnotes":""},"featured_image_urls":{"full":"","thumbnail":"","medium":"","medium_large":"","large":"","1536x1536":"","2048x2048":"","trp-custom-language-flag":"","post-thumbnail":"","twentytwenty-fullscreen":""},"post_excerpt_stackable":"<p>Medienproduzenten als Unternehmen Disclaimer: F\u00fcr alle hier vorgebrachten Aussagen und Annahmen wird kein Anspruch auf Vollst\u00e4ndigkeit erhoben. Dieses Wiki, wie das Projekt insgesamt, ist &#8222;Work in Progress&#8220;. Wir hei\u00dfen konstruktive Kritik und inhaltliche Hinweise oder Erg\u00e4nzungen herzlich willkommen, um unsere Arbeit und damit das Projekt COMPPRESS stetig zu verbessern. Gern nehmen wir \u00fcber info@comppress.org oder \u00fcber Github Ihr Feedback entgegen. Im dualen medialen System teilen sich der \u00f6ffentlich-rechtliche Rundfunk (inkl. Internetpr\u00e4senz) sowie privatrechtliche Medienproduzenten den Medienmarkt. W\u00e4hrend der \u00f6ffentlich-rechtliche Rundfunk sich ma\u00dfgeblich von staatlich erlassenen Rundfunkgeb\u00fchren und zu einem kleinen Teil aus Werbeeinnahmen finanziert, m\u00fcssen alle privatwirtschaftlichen Medienunternehmen ihre Medienprodukte&hellip;<\/p>\n","category_list":"","author_info":{"name":"WordpressAdmin","url":"https:\/\/comppress.org\/en\/author\/wordpressadmin\/"},"comments_num":"0 comments","yoast_head":"<!-- This site is optimized with the Yoast SEO plugin v22.0 - https:\/\/yoast.com\/wordpress\/plugins\/seo\/ -->\n<title>COMPPRESS | Wiki Verlinkung 1b sich zu finanzieren<\/title>\n<meta name=\"robots\" content=\"index, follow, max-snippet:-1, max-image-preview:large, max-video-preview:-1\" \/>\n<link rel=\"canonical\" href=\"https:\/\/comppress.org\/en\/wiki-verlinkung-1b-2\/\" \/>\n<meta property=\"og:locale\" content=\"en_US\" \/>\n<meta property=\"og:type\" content=\"article\" \/>\n<meta property=\"og:title\" content=\"COMPPRESS | Wiki Verlinkung 1b sich zu finanzieren\" \/>\n<meta property=\"og:description\" content=\"Medienproduzenten als Unternehmen Disclaimer: F\u00fcr alle hier vorgebrachten Aussagen und Annahmen wird kein Anspruch auf Vollst\u00e4ndigkeit erhoben. Dieses Wiki, wie das Projekt insgesamt, ist &#8222;Work in Progress&#8220;. Wir hei\u00dfen konstruktive Kritik und inhaltliche Hinweise oder Erg\u00e4nzungen herzlich willkommen, um unsere Arbeit und damit das Projekt COMPPRESS stetig zu verbessern. Gern nehmen wir \u00fcber info@comppress.org oder&hellip;\" \/>\n<meta property=\"og:url\" content=\"https:\/\/comppress.org\/en\/wiki-verlinkung-1b-2\/\" \/>\n<meta property=\"og:site_name\" content=\"COMPPRESS\" \/>\n<meta property=\"article:modified_time\" content=\"2021-08-15T11:10:20+00:00\" \/>\n<meta property=\"og:image\" content=\"https:\/\/comppress.org\/wp-content\/uploads\/Finanzierungsquellen-Medien-2005.png\" \/>\n<meta name=\"twitter:card\" content=\"summary_large_image\" \/>\n<meta name=\"twitter:label1\" content=\"Est. reading time\" \/>\n\t<meta name=\"twitter:data1\" content=\"2 minutes\" \/>\n<script type=\"application\/ld+json\" class=\"yoast-schema-graph\">{\"@context\":\"https:\/\/schema.org\",\"@graph\":[{\"@type\":\"WebPage\",\"@id\":\"https:\/\/comppress.org\/wiki-verlinkung-1b-2\/\",\"url\":\"https:\/\/comppress.org\/wiki-verlinkung-1b-2\/\",\"name\":\"COMPPRESS | Wiki Verlinkung 1b sich zu finanzieren\",\"isPartOf\":{\"@id\":\"https:\/\/comppress.org\/#website\"},\"datePublished\":\"2021-08-15T10:49:04+00:00\",\"dateModified\":\"2021-08-15T11:10:20+00:00\",\"breadcrumb\":{\"@id\":\"https:\/\/comppress.org\/wiki-verlinkung-1b-2\/#breadcrumb\"},\"inLanguage\":\"en-US\",\"potentialAction\":[{\"@type\":\"ReadAction\",\"target\":[\"https:\/\/comppress.org\/wiki-verlinkung-1b-2\/\"]}]},{\"@type\":\"BreadcrumbList\",\"@id\":\"https:\/\/comppress.org\/wiki-verlinkung-1b-2\/#breadcrumb\",\"itemListElement\":[{\"@type\":\"ListItem\",\"position\":1,\"name\":\"Home\",\"item\":\"https:\/\/comppress.org\/\"},{\"@type\":\"ListItem\",\"position\":2,\"name\":\"Wiki Verlinkung 1b sich zu finanzieren\"}]},{\"@type\":\"WebSite\",\"@id\":\"https:\/\/comppress.org\/#website\",\"url\":\"https:\/\/comppress.org\/\",\"name\":\"COMPPRESS\",\"description\":\"Verpflichten Sie Journalismus zu Qualit\u00e4t.\",\"publisher\":{\"@id\":\"https:\/\/comppress.org\/#organization\"},\"potentialAction\":[{\"@type\":\"SearchAction\",\"target\":{\"@type\":\"EntryPoint\",\"urlTemplate\":\"https:\/\/comppress.org\/?s={search_term_string}\"},\"query-input\":\"required name=search_term_string\"}],\"inLanguage\":\"en-US\"},{\"@type\":\"Organization\",\"@id\":\"https:\/\/comppress.org\/#organization\",\"name\":\"COMPPRESS e.V.\",\"url\":\"https:\/\/comppress.org\/\",\"logo\":{\"@type\":\"ImageObject\",\"inLanguage\":\"en-US\",\"@id\":\"https:\/\/comppress.org\/#\/schema\/logo\/image\/\",\"url\":\"https:\/\/comppress.org\/wp-content\/uploads\/COMP_PRESS.png\",\"contentUrl\":\"https:\/\/comppress.org\/wp-content\/uploads\/COMP_PRESS.png\",\"width\":512,\"height\":512,\"caption\":\"COMPPRESS e.V.\"},\"image\":{\"@id\":\"https:\/\/comppress.org\/#\/schema\/logo\/image\/\"}}]}<\/script>\n<!-- \/ Yoast SEO plugin. -->","yoast_head_json":{"title":"COMPPRESS | Wiki Verlinkung 1b sich zu finanzieren","robots":{"index":"index","follow":"follow","max-snippet":"max-snippet:-1","max-image-preview":"max-image-preview:large","max-video-preview":"max-video-preview:-1"},"canonical":"https:\/\/comppress.org\/en\/wiki-verlinkung-1b-2\/","og_locale":"en_US","og_type":"article","og_title":"COMPPRESS | Wiki Verlinkung 1b sich zu finanzieren","og_description":"Medienproduzenten als Unternehmen Disclaimer: F\u00fcr alle hier vorgebrachten Aussagen und Annahmen wird kein Anspruch auf Vollst\u00e4ndigkeit erhoben. Dieses Wiki, wie das Projekt insgesamt, ist &#8222;Work in Progress&#8220;. Wir hei\u00dfen konstruktive Kritik und inhaltliche Hinweise oder Erg\u00e4nzungen herzlich willkommen, um unsere Arbeit und damit das Projekt COMPPRESS stetig zu verbessern. Gern nehmen wir \u00fcber info@comppress.org oder&hellip;","og_url":"https:\/\/comppress.org\/en\/wiki-verlinkung-1b-2\/","og_site_name":"COMPPRESS","article_modified_time":"2021-08-15T11:10:20+00:00","og_image":[{"url":"https:\/\/comppress.org\/wp-content\/uploads\/Finanzierungsquellen-Medien-2005.png"}],"twitter_card":"summary_large_image","twitter_misc":{"Est. reading time":"2 minutes"},"schema":{"@context":"https:\/\/schema.org","@graph":[{"@type":"WebPage","@id":"https:\/\/comppress.org\/wiki-verlinkung-1b-2\/","url":"https:\/\/comppress.org\/wiki-verlinkung-1b-2\/","name":"COMPPRESS | Wiki Verlinkung 1b sich zu finanzieren","isPartOf":{"@id":"https:\/\/comppress.org\/#website"},"datePublished":"2021-08-15T10:49:04+00:00","dateModified":"2021-08-15T11:10:20+00:00","breadcrumb":{"@id":"https:\/\/comppress.org\/wiki-verlinkung-1b-2\/#breadcrumb"},"inLanguage":"en-US","potentialAction":[{"@type":"ReadAction","target":["https:\/\/comppress.org\/wiki-verlinkung-1b-2\/"]}]},{"@type":"BreadcrumbList","@id":"https:\/\/comppress.org\/wiki-verlinkung-1b-2\/#breadcrumb","itemListElement":[{"@type":"ListItem","position":1,"name":"Home","item":"https:\/\/comppress.org\/"},{"@type":"ListItem","position":2,"name":"Wiki Verlinkung 1b sich zu finanzieren"}]},{"@type":"WebSite","@id":"https:\/\/comppress.org\/#website","url":"https:\/\/comppress.org\/","name":"COMPPRESS","description":"Verpflichten Sie Journalismus zu Qualit\u00e4t.","publisher":{"@id":"https:\/\/comppress.org\/#organization"},"potentialAction":[{"@type":"SearchAction","target":{"@type":"EntryPoint","urlTemplate":"https:\/\/comppress.org\/?s={search_term_string}"},"query-input":"required name=search_term_string"}],"inLanguage":"en-US"},{"@type":"Organization","@id":"https:\/\/comppress.org\/#organization","name":"COMPPRESS e.V.","url":"https:\/\/comppress.org\/","logo":{"@type":"ImageObject","inLanguage":"en-US","@id":"https:\/\/comppress.org\/#\/schema\/logo\/image\/","url":"https:\/\/comppress.org\/wp-content\/uploads\/COMP_PRESS.png","contentUrl":"https:\/\/comppress.org\/wp-content\/uploads\/COMP_PRESS.png","width":512,"height":512,"caption":"COMPPRESS e.V."},"image":{"@id":"https:\/\/comppress.org\/#\/schema\/logo\/image\/"}}]}},"_links":{"self":[{"href":"https:\/\/comppress.org\/en\/wp-json\/wp\/v2\/pages\/1263"}],"collection":[{"href":"https:\/\/comppress.org\/en\/wp-json\/wp\/v2\/pages"}],"about":[{"href":"https:\/\/comppress.org\/en\/wp-json\/wp\/v2\/types\/page"}],"author":[{"embeddable":true,"href":"https:\/\/comppress.org\/en\/wp-json\/wp\/v2\/users\/1"}],"replies":[{"embeddable":true,"href":"https:\/\/comppress.org\/en\/wp-json\/wp\/v2\/comments?post=1263"}],"version-history":[{"count":3,"href":"https:\/\/comppress.org\/en\/wp-json\/wp\/v2\/pages\/1263\/revisions"}],"predecessor-version":[{"id":1274,"href":"https:\/\/comppress.org\/en\/wp-json\/wp\/v2\/pages\/1263\/revisions\/1274"}],"wp:attachment":[{"href":"https:\/\/comppress.org\/en\/wp-json\/wp\/v2\/media?parent=1263"}],"curies":[{"name":"wp","href":"https:\/\/api.w.org\/{rel}","templated":true}]}}