{"id":1237,"date":"2021-08-15T10:57:39","date_gmt":"2021-08-15T09:57:39","guid":{"rendered":"https:\/\/comppress.org\/?page_id=1237"},"modified":"2021-08-15T20:48:15","modified_gmt":"2021-08-15T19:48:15","slug":"wiki-verlinkung-1a","status":"publish","type":"page","link":"https:\/\/comppress.org\/en\/wiki-verlinkung-1a\/","title":{"rendered":"Wiki Verlinkung 1a ethische Ma\u00dfst\u00e4be"},"content":{"rendered":"<p class=\"has-h-2-font-size\"><strong>Task of the Media<\/strong><\/p>\n\n\n\n<p><em>Disclaimer: No claim to completeness is made for any of the statements and assumptions contained herein. This wiki, like the project as a whole, is a \"work in progress\". We warmly welcome constructive criticism and content-related information or additions in order to continuously improve our work and thus the COMPPRESS project. We are happy to receive your feedback via info@comppress.org or via Github.<\/em><\/p>\n\n\n\n<p>The (mass) media as a whole (the press, radio and television, and their Internet presence) are referred to as the fourth power of a democratic constitutional state, as they are assigned three core social tasks:<\/p>\n\n\n\n<ol type=\"1\"><li><strong>The function of informing<\/strong>the public: Citizens can only have a say in political decisions if they have adequate information about what is to be decided: as complete, factual and understandable as possible.<sup>1<\/sup><\/li><li><strong>The function of opinion-forming:<\/strong> The media should provide a forum for the free and open discussion of political content and questions of public interest and thus contribute to the formation of public opinion and will. Only through \"[...] journalisms\u2019 media-widespread media coverage [...] do [they] create the conditions for the social and cultural diversity of modern societies to be recognisable and manageable\".<sup>1<\/sup><\/li><li><strong>The function of criticism and control:<\/strong> The media can and should contribute to the governance of politics, economy and society by exposing and criticizing grievances. In this way, they ensure the democratic legitimacy of political processes.<sup> 2<\/sup><\/li><\/ol>\n\n\n\n<p>In addition, one of the recognised tasks of the media is the function of entertainment and education.<sup>1<\/sup><\/p>\n\n\n\n<p>The legal framework of the media in Germany consists of the Basic Law, the State Press and Media Laws and the State Broadcasting Agreements (RStV) or, since November 2020, the State Media Treaty (MStV). Article 5 of the Basic Law \"only\" stipulates the freedom of the press: \"Freedom of the press and freedom of reporting by means of broadcasts and films shall be guaranteed\".<sup>3<\/sup> However, the Federal Constitutional Court (BVerG) has, among other things, derived tasks and requirements for the formation of public opinion in a democracy, in the context of a ruling on public relations work by the Federal Government:<\/p>\n\n\n\n<p><em>Responsible participation of the citizens in the formation of political will presupposes that the individual knows enough about the issues to be decided, about the decisions, measures and proposed solutions made by the constituted state organs, in order to be able to judge, approve or reject them.<\/em>\" (BVerfG, judgement of 02.03.1977 - 2 BvE 1\/76)<\/p>\n\n\n\n<p><strong>The Dual System: <\/strong>For broadcasting (including internet presence), as the media type with the greatest impact and reach, a state-sponsored public service offer is also made available in addition to the private providers, the so-called dual system. According to the Federal Constitutional Court, the \"Exclusion of one-sided, highly imbalanced influence of individual organisers or programs on the formation of public opinion, namely the prevention of the emergence of dominant power of opinion\" must be ensured. (BVerfG 73, 118, No. 159).<\/p>\n\n\n\n<p><strong>The Commitment<\/strong><\/p>\n\n\n\n<p>There are no legal guidelines or specific requirements that prescribe the type of content and the appearance of the media on offer. Media producers have to adhere to the Basic Law. In addition, ethical principles for journalistic work are institutionalised in most western democratic constitutional states, which are based on social tasks and the respective requirements of the constitution and human rights.<sup>4<\/sup> In 1973 the German Press Council first recorded the generally recognised principles for journalistic work in the form of working and behavioural rules known as the \"<a href=\"https:\/\/www.presserat.de\/pressekodex.html\" target=\"_blank\" rel=\"noreferrer noopener\">German Press Code<\/a>\" (DPK). Since then, the DPK has been regularly updated. Most media companies and publishers have officially committed to the principles of the DPK. The State Media Treaty, which came into force in November 2020, also stipulates that journalistic online media (\"Telemedia with journalistic-editorial offers that regularly contain news or political information\") must comply with recognised journalistic principles (<a href=\"https:\/\/www.rlp.de\/fileadmin\/rlp-stk\/pdf-Dateien\/Medienpolitik\/Medienstaatsvertrag.pdf\" target=\"_blank\" rel=\"noreferrer noopener\">Section 19 (1) MStV<\/a>). Ethical principles for journalistic work are also laid down in codes or guidelines in the international English-speaking communication and media space: For example, the Code of Ethics of the International Press Federation (IPS) or the Code of Ethics of the Society of Professional Journalists (SPJ).<\/p>\n\n\n\n<p class=\"has-small-font-size\"><strong>Sources<\/strong>:<br>1. bpb 2016a: <a href=\"https:\/\/www.bpb.de\/gesellschaft\/medien-und-sport\/medienpolitik\/189218\/funktionen-der-medien-in-einer-demokratischen-gesellschaft-i-und-ii\" target=\"_blank\" rel=\"noreferrer noopener\">https:\/\/www.bpb.de\/gesellschaft\/medien-und-sport\/medienpolitik\/189218\/funktionen-der-medien-in-einer-demokratischen-gesellschaft-i-und-ii<\/a><br>2. bpb 2016b: <a href=\"https:\/\/www.bpb.de\/gesellschaft\/medien-und-sport\/medienpolitik\/172240\/meinungsbildung-und-kontrolle-der-medien\" target=\"_blank\" rel=\"noreferrer noopener\">https:\/\/www.bpb.de\/gesellschaft\/medien-und-sport\/medienpolitik\/172240\/meinungsbildung-und-kontrolle-der-medien<\/a><br>3. bpb 2012: <a href=\"https:\/\/www.bpb.de\/politik\/grundfragen\/deutsche-verhaeltnisse-eine-sozialkunde\/139159\/rechtliche-rahmenbedingungen\" target=\"_blank\" rel=\"noreferrer noopener\">https:\/\/www.bpb.de\/politik\/grundfragen\/deutsche-verhaeltnisse-eine-sozialkunde\/139159\/rechtliche-rahmenbedingungen<\/a><br>bpb 2011: <a href=\"https:\/\/www.bpb.de\/izpb\/7527\/wer-journalisten-sind-und-wie-sie-arbeiten\" target=\"_blank\" rel=\"noreferrer noopener\">https:\/\/www.bpb.de\/izpb\/7527\/wer-journalisten-sind-und-wie-sie-arbeiten<\/a><\/p>\n\n\n\n<div class=\"wp-block-group is-layout-flow wp-block-group-is-layout-flow\"><div class=\"wp-block-group__inner-container\"><\/div><\/div>","protected":false},"excerpt":{"rendered":"<p>Aufgabe der Medien Disclaimer: F\u00fcr alle hier vorgebrachten Aussagen und Annahmen wird kein Anspruch auf Vollst\u00e4ndigkeit erhoben. Dieses Wiki, wie das Projekt insgesamt, ist &#8222;Work in Progress&#8220;. Wir hei\u00dfen konstruktive Kritik und inhaltliche Hinweise oder Erg\u00e4nzungen herzlich willkommen, um unsere Arbeit und damit das Projekt COMPPRESS stetig zu verbessern. Gern nehmen wir \u00fcber info@comppress.org oder&hellip;<\/p>","protected":false},"author":1,"featured_media":0,"parent":0,"menu_order":0,"comment_status":"closed","ping_status":"closed","template":"tw-no-title.php","meta":{"footnotes":""},"featured_image_urls":{"full":"","thumbnail":"","medium":"","medium_large":"","large":"","1536x1536":"","2048x2048":"","trp-custom-language-flag":"","post-thumbnail":"","twentytwenty-fullscreen":""},"post_excerpt_stackable":"<p>Aufgabe der Medien Disclaimer: F\u00fcr alle hier vorgebrachten Aussagen und Annahmen wird kein Anspruch auf Vollst\u00e4ndigkeit erhoben. Dieses Wiki, wie das Projekt insgesamt, ist &#8222;Work in Progress&#8220;. Wir hei\u00dfen konstruktive Kritik und inhaltliche Hinweise oder Erg\u00e4nzungen herzlich willkommen, um unsere Arbeit und damit das Projekt COMPPRESS stetig zu verbessern. Gern nehmen wir \u00fcber info@comppress.org oder \u00fcber Github Ihr Feedback entgegen. Die (Massen-)medien als Ganzes (Presse, H\u00f6rfunk und Fernsehen samt ihrer Internetpr\u00e4senz) werden auch als Vierte Gewalt eines demokratischen Rechtsstaats bezeichnet, da ihnen drei gesellschaftliche Kernauftr\u00e4ge zugeordnet werden: Informationsfunktion: B\u00fcrgerinnen und B\u00fcrger k\u00f6nnen nur \u00fcber politische Entscheidungen mitbestimmen, wenn sie \u00fcber&hellip;<\/p>\n","category_list":"","author_info":{"name":"WordpressAdmin","url":"https:\/\/comppress.org\/en\/author\/wordpressadmin\/"},"comments_num":"0 comments","yoast_head":"<!-- This site is optimized with the Yoast SEO plugin v22.0 - https:\/\/yoast.com\/wordpress\/plugins\/seo\/ -->\n<title>COMPPRESS | Wiki Verlinkung 1a ethische Ma\u00dfst\u00e4be<\/title>\n<meta name=\"robots\" content=\"index, follow, max-snippet:-1, max-image-preview:large, max-video-preview:-1\" \/>\n<link rel=\"canonical\" href=\"https:\/\/comppress.org\/en\/wiki-verlinkung-1a\/\" \/>\n<meta property=\"og:locale\" content=\"en_US\" \/>\n<meta property=\"og:type\" content=\"article\" \/>\n<meta property=\"og:title\" content=\"COMPPRESS | Wiki Verlinkung 1a ethische Ma\u00dfst\u00e4be\" \/>\n<meta property=\"og:description\" content=\"Aufgabe der Medien Disclaimer: F\u00fcr alle hier vorgebrachten Aussagen und Annahmen wird kein Anspruch auf Vollst\u00e4ndigkeit erhoben. Dieses Wiki, wie das Projekt insgesamt, ist &#8222;Work in Progress&#8220;. Wir hei\u00dfen konstruktive Kritik und inhaltliche Hinweise oder Erg\u00e4nzungen herzlich willkommen, um unsere Arbeit und damit das Projekt COMPPRESS stetig zu verbessern. Gern nehmen wir \u00fcber info@comppress.org oder&hellip;\" \/>\n<meta property=\"og:url\" content=\"https:\/\/comppress.org\/en\/wiki-verlinkung-1a\/\" \/>\n<meta property=\"og:site_name\" content=\"COMPPRESS\" \/>\n<meta property=\"article:modified_time\" content=\"2021-08-15T19:48:15+00:00\" \/>\n<meta name=\"twitter:card\" content=\"summary_large_image\" \/>\n<meta name=\"twitter:label1\" content=\"Est. reading time\" \/>\n\t<meta name=\"twitter:data1\" content=\"3 minutes\" \/>\n<script type=\"application\/ld+json\" class=\"yoast-schema-graph\">{\"@context\":\"https:\/\/schema.org\",\"@graph\":[{\"@type\":\"WebPage\",\"@id\":\"https:\/\/comppress.org\/wiki-verlinkung-1a\/\",\"url\":\"https:\/\/comppress.org\/wiki-verlinkung-1a\/\",\"name\":\"COMPPRESS | Wiki Verlinkung 1a ethische Ma\u00dfst\u00e4be\",\"isPartOf\":{\"@id\":\"https:\/\/comppress.org\/#website\"},\"datePublished\":\"2021-08-15T09:57:39+00:00\",\"dateModified\":\"2021-08-15T19:48:15+00:00\",\"breadcrumb\":{\"@id\":\"https:\/\/comppress.org\/wiki-verlinkung-1a\/#breadcrumb\"},\"inLanguage\":\"en-US\",\"potentialAction\":[{\"@type\":\"ReadAction\",\"target\":[\"https:\/\/comppress.org\/wiki-verlinkung-1a\/\"]}]},{\"@type\":\"BreadcrumbList\",\"@id\":\"https:\/\/comppress.org\/wiki-verlinkung-1a\/#breadcrumb\",\"itemListElement\":[{\"@type\":\"ListItem\",\"position\":1,\"name\":\"Home\",\"item\":\"https:\/\/comppress.org\/\"},{\"@type\":\"ListItem\",\"position\":2,\"name\":\"Wiki Verlinkung 1a ethische Ma\u00dfst\u00e4be\"}]},{\"@type\":\"WebSite\",\"@id\":\"https:\/\/comppress.org\/#website\",\"url\":\"https:\/\/comppress.org\/\",\"name\":\"COMPPRESS\",\"description\":\"Verpflichten Sie Journalismus zu Qualit\u00e4t.\",\"publisher\":{\"@id\":\"https:\/\/comppress.org\/#organization\"},\"potentialAction\":[{\"@type\":\"SearchAction\",\"target\":{\"@type\":\"EntryPoint\",\"urlTemplate\":\"https:\/\/comppress.org\/?s={search_term_string}\"},\"query-input\":\"required name=search_term_string\"}],\"inLanguage\":\"en-US\"},{\"@type\":\"Organization\",\"@id\":\"https:\/\/comppress.org\/#organization\",\"name\":\"COMPPRESS e.V.\",\"url\":\"https:\/\/comppress.org\/\",\"logo\":{\"@type\":\"ImageObject\",\"inLanguage\":\"en-US\",\"@id\":\"https:\/\/comppress.org\/#\/schema\/logo\/image\/\",\"url\":\"https:\/\/comppress.org\/wp-content\/uploads\/COMP_PRESS.png\",\"contentUrl\":\"https:\/\/comppress.org\/wp-content\/uploads\/COMP_PRESS.png\",\"width\":512,\"height\":512,\"caption\":\"COMPPRESS e.V.\"},\"image\":{\"@id\":\"https:\/\/comppress.org\/#\/schema\/logo\/image\/\"}}]}<\/script>\n<!-- \/ Yoast SEO plugin. -->","yoast_head_json":{"title":"COMPPRESS | Wiki Verlinkung 1a ethische Ma\u00dfst\u00e4be","robots":{"index":"index","follow":"follow","max-snippet":"max-snippet:-1","max-image-preview":"max-image-preview:large","max-video-preview":"max-video-preview:-1"},"canonical":"https:\/\/comppress.org\/en\/wiki-verlinkung-1a\/","og_locale":"en_US","og_type":"article","og_title":"COMPPRESS | Wiki Verlinkung 1a ethische Ma\u00dfst\u00e4be","og_description":"Aufgabe der Medien Disclaimer: F\u00fcr alle hier vorgebrachten Aussagen und Annahmen wird kein Anspruch auf Vollst\u00e4ndigkeit erhoben. Dieses Wiki, wie das Projekt insgesamt, ist &#8222;Work in Progress&#8220;. Wir hei\u00dfen konstruktive Kritik und inhaltliche Hinweise oder Erg\u00e4nzungen herzlich willkommen, um unsere Arbeit und damit das Projekt COMPPRESS stetig zu verbessern. Gern nehmen wir \u00fcber info@comppress.org oder&hellip;","og_url":"https:\/\/comppress.org\/en\/wiki-verlinkung-1a\/","og_site_name":"COMPPRESS","article_modified_time":"2021-08-15T19:48:15+00:00","twitter_card":"summary_large_image","twitter_misc":{"Est. reading time":"3 minutes"},"schema":{"@context":"https:\/\/schema.org","@graph":[{"@type":"WebPage","@id":"https:\/\/comppress.org\/wiki-verlinkung-1a\/","url":"https:\/\/comppress.org\/wiki-verlinkung-1a\/","name":"COMPPRESS | Wiki Verlinkung 1a ethische Ma\u00dfst\u00e4be","isPartOf":{"@id":"https:\/\/comppress.org\/#website"},"datePublished":"2021-08-15T09:57:39+00:00","dateModified":"2021-08-15T19:48:15+00:00","breadcrumb":{"@id":"https:\/\/comppress.org\/wiki-verlinkung-1a\/#breadcrumb"},"inLanguage":"en-US","potentialAction":[{"@type":"ReadAction","target":["https:\/\/comppress.org\/wiki-verlinkung-1a\/"]}]},{"@type":"BreadcrumbList","@id":"https:\/\/comppress.org\/wiki-verlinkung-1a\/#breadcrumb","itemListElement":[{"@type":"ListItem","position":1,"name":"Home","item":"https:\/\/comppress.org\/"},{"@type":"ListItem","position":2,"name":"Wiki Verlinkung 1a ethische Ma\u00dfst\u00e4be"}]},{"@type":"WebSite","@id":"https:\/\/comppress.org\/#website","url":"https:\/\/comppress.org\/","name":"COMPPRESS","description":"Verpflichten Sie Journalismus zu Qualit\u00e4t.","publisher":{"@id":"https:\/\/comppress.org\/#organization"},"potentialAction":[{"@type":"SearchAction","target":{"@type":"EntryPoint","urlTemplate":"https:\/\/comppress.org\/?s={search_term_string}"},"query-input":"required name=search_term_string"}],"inLanguage":"en-US"},{"@type":"Organization","@id":"https:\/\/comppress.org\/#organization","name":"COMPPRESS e.V.","url":"https:\/\/comppress.org\/","logo":{"@type":"ImageObject","inLanguage":"en-US","@id":"https:\/\/comppress.org\/#\/schema\/logo\/image\/","url":"https:\/\/comppress.org\/wp-content\/uploads\/COMP_PRESS.png","contentUrl":"https:\/\/comppress.org\/wp-content\/uploads\/COMP_PRESS.png","width":512,"height":512,"caption":"COMPPRESS e.V."},"image":{"@id":"https:\/\/comppress.org\/#\/schema\/logo\/image\/"}}]}},"_links":{"self":[{"href":"https:\/\/comppress.org\/en\/wp-json\/wp\/v2\/pages\/1237"}],"collection":[{"href":"https:\/\/comppress.org\/en\/wp-json\/wp\/v2\/pages"}],"about":[{"href":"https:\/\/comppress.org\/en\/wp-json\/wp\/v2\/types\/page"}],"author":[{"embeddable":true,"href":"https:\/\/comppress.org\/en\/wp-json\/wp\/v2\/users\/1"}],"replies":[{"embeddable":true,"href":"https:\/\/comppress.org\/en\/wp-json\/wp\/v2\/comments?post=1237"}],"version-history":[{"count":7,"href":"https:\/\/comppress.org\/en\/wp-json\/wp\/v2\/pages\/1237\/revisions"}],"predecessor-version":[{"id":1275,"href":"https:\/\/comppress.org\/en\/wp-json\/wp\/v2\/pages\/1237\/revisions\/1275"}],"wp:attachment":[{"href":"https:\/\/comppress.org\/en\/wp-json\/wp\/v2\/media?parent=1237"}],"curies":[{"name":"wp","href":"https:\/\/api.w.org\/{rel}","templated":true}]}}