{"id":1002,"date":"2021-04-08T11:18:05","date_gmt":"2021-04-08T10:18:05","guid":{"rendered":"https:\/\/comppress.org\/?page_id=1002"},"modified":"2021-04-08T15:46:34","modified_gmt":"2021-04-08T14:46:34","slug":"publisher-information","status":"publish","type":"page","link":"https:\/\/comppress.org\/en\/publisher-information\/","title":{"rendered":"Publisher Information"},"content":{"rendered":"<h4 class=\"has-text-align-center wp-block-heading\">Deutschsprachige Medien<\/h4>\n\n\n\n<ul class=\"is-style-default\"><li><strong>Augsburger Allgemeine<\/strong><br>Presse-Druck- und Verlags-GmbH Verlag der Augsburger Allgemeine<br>Curt-Frenzel-Str. 2; 86167 Augsburg<br>Postanschrift: Postfach, 86133 Augsburg; Internet: www.augsburger-allgemeine.de; Telefon: 0821\/777-0<br>Gesch\u00e4ftsf\u00fchrung : Andreas Scherer (Vorsitzender), Alexandra Holland, Edgar Benkler.<br>Handelsregister: HRB 6034, Registergericht Augsburg UST ID Nr. 127493945<br>info@augsburger-allgemeine.de<\/li><\/ul>\n\n\n\n<ul class=\"is-style-default\"><li><strong>Bild<\/strong><br>VERANTWORTLICH f\u00fcr den Inhalt i.S.d. \u00a7 18 Abs. 2 MStV: Julian Reichelt, Axel-Springer-Stra\u00dfe 65, 10969 Berlin; AXEL SPRINGER SE; Axel-Springer-Stra\u00dfe 65; 10888 Berlin<br>VERTRETEN DURCH DEN VORSTAND<br>Dr. Mathias D\u00f6pfner (Vorsitzender), Jan Bayer, Dr. Stephanie Caspar, Dr. Julian Deutz; Tel. 030-25 91-0; E-Mail: info@bild.de; Sitz Berlin, Amtsgericht Charlottenburg, HRB 154517 B, UST-ID-NR. DE 136 627 286<br>Anbieter der bis zum 31. M\u00e4rz 2018 ver\u00f6ffentlichten Inhalte ist die<br>BILD GmbH, Axel-Springer-Stra\u00dfe 65, 10888 Berlin<br>GESCH\u00c4FTSF\u00dcHRUNG: Julian Reichelt (Sprecher), Carolin Hulshoff Pol, Lars Moll; Tel. 030-2591-0; UST.-IDENTNR: DE 214 852 390; Amtsgericht Charlottenburg HRB 196159<\/li><\/ul>\n\n\n\n<ul class=\"is-style-default\"><li><strong>Berliner Zeitung<\/strong><br>Berliner Verlag GmbH; Registergericht: Amtsgericht Berlin-Charlottenburg<br>Handelsregisternummer: HRB 101192 B; USt.-Ident.-Nr.: DE 136 666 390<br>Gesch\u00e4ftsf\u00fchrer: Dr. Mirko Schiefelbein (Vorsitz), Holger Friedrich<br>Alte Jakobstra\u00dfe 105, 10969 Berlin; presserecht@berlinerverlag.com<br>Telefon: +49 30 2327-9<br>Herausgeber: Dr. Michael Maier<br>Verantwortlich i.S.d. \u00a7 18 Abs. 2 MStV: Margit J. Mayer (Mitglied der Chefredaktion).<\/li><\/ul>\n\n\n\n<ul class=\"is-style-default\"><li><strong>Frankfurter Allgemeine (FAZ)<\/strong><br>Frankfurter Allgemeine Zeitung GmbH; Hellerhofstra\u00dfe 2-4; <br>60327 Frankfurt am Main; Tel.: 0049 (0)69 7591-0; E-Mail: Info@faz.net<br>Handelsregister: HRB 7344; Amtsgericht Frankfurt am Main USt.-IDNr.: DE 114 232 723; Steuer-Nr.: 045 227 77055<br>Gesch\u00e4ftsf\u00fchrer: Thomas Lindner (Vorsitzender), Dr. Volker Breid<br>Herausgegeben von: Gerald Braunberger, J\u00fcrgen Kaube, Carsten Knop, Berthold Kohler<\/li><\/ul>\n\n\n\n<ul class=\"is-style-default\"><li><strong>Focus<\/strong><br>Informationen nach \u00a7 5 TMG f\u00fcr die FOCUS Online Group GmbH<br>Gesch\u00e4ftsf\u00fchrer: Thomas Koelzer, J\u00fcrgen Schlott, Dr. Tanja Prinzessin zu Waldeck, St.-Martin-Stra\u00dfe 66, 81541 M\u00fcnchen, Tel.: 089\/92 50-3292, Fax: 089\/92 50-1240, E-Mail: redaktion@focus.de, <br>Amtsgericht M\u00fcnchen, HRB 213375, UST-ID: DE 296 466 883<br>Verantwortlich i. S. v. \u00a7 18 Abs. 2 MStV: Florian Festl, St.-Martin-Stra\u00dfe 66, 81541 M\u00fcnchen<br>Informationen nach \u00a7 5 TMG f\u00fcr die FOCUS Magazin Verlag GmbH<br>Gesch\u00e4ftsf\u00fchrer: Manuela Kampp-Wirtz, Philipp Welte, Arabellastr. 23, 81925 M\u00fcnchen, Tel.: 089\/92 50-0, Amtsgericht M\u00fcnchen, HRB 97887, USt-ID: DE 811 286 855<br>Verantwortlich i.S.v. \u00a7 18 Abs. 2 MStV: Robert Schneider, Potsdamer Stra\u00dfe 7, 10785 Berlin, E-Mail: service@focus-magazin.de , Tel.: 030-754430-2801<\/li><\/ul>\n\n\n\n<ul><li><strong>Freie Presse<\/strong><br>Herausgeber: Medien Union GmbH Ludwigshafen<br>Verlag (zugleich Diensteanbieter im Sinne von \u00a7 5 TMG):<br>Chemnitzer Verlag und Druck GmbH &amp; Co. KG<br>Br\u00fcckenstra\u00dfe 15; 09111 Chemnitz oder 09002 Chemnitz, Postfach 261<br>Service-Telefon: 0800 8080123, Telefon: 0371 656-0; Telefax Redaktion: 0371 656-17084; Telefax Anzeigen: 0371 656-17077<br>Internet: www.freiepresse.de<br>E-Mail: die.tageszeitung@freiepresse.de<br>Handelsregisternummer: Chemnitz HRA 5019M; Umsatzsteueridentifikations-Nr.: DE811177299<br>Komplement\u00e4r: Verlag &#8222;Freie Presse&#8220; GmbH, Chemnitz HRB 14661<\/li><\/ul>\n\n\n\n<ul><li><strong>Gala<\/strong><br>Gala digital <br>Gala Digital sowie ferner (i) die Gala-Digital-Seiten auf Facebook, Instagram, Twitter und anderen sog. Social-Media-Kan\u00e4len sowie auch (ii) die Gala-Apps f\u00fcr sog. Smart Devices (z.B. iPhone und andere Smart-Phones, Tablets oder Smart-TVs) werden angeboten und betrieben von der G+J Medien GmbH<br>Am Baumwall 11; 20459 Hamburg; Telefon +49 40 3703-0; Kontakt per E-Mail: galade@gala.de<br>Eingetragen beim Amtsgericht Hamburg unter der Registernummer HRB 86619 und vertreten durch die Gesch\u00e4ftsf\u00fchrer Carina Laudage und Bernd Hellermann. Umsatzsteuer-ID: DE 226688699<br>Chefredaktion Gala: Brigitte Huber, Post- und Rechnungsanschrift: Gala.de<br>G+J Medien GmbH; 20444 Hamburg; <br>Chefredaktion Gala Digital:Doris Br\u00fcckner (verantwortlich gem. \u00a755 Abs. 2 RStV f\u00fcr alle eingangs genannten Produkte, jedoch mit Ausnahme der Seiten unter gala.de\/gutscheine, f\u00fcr die eine gesonderte Verantwortlichkeit gilt, siehe dazu unten unter Gutscheine)<br>Stellvertretende Chefredakteurinnen: Kathrin Staudinger (in Elternzeit), Catarina von Koschitzky<\/li><\/ul>\n\n\n\n<ul><li><strong>Handelsblatt<\/strong><br>Verlag Handelsblatt Online ist ein Angebot der Handelsblatt GmbH<br>Gesch\u00e4ftsf\u00fchrung: Andrea Wasmuth<br>Registergericht: Amtsgericht D\u00fcsseldorf, HRB 38183, UID: DE812813090<br>Toulouser Allee 27, 40211 D\u00fcsseldorf, Tel.: +49 (0)211 &#8211; 887-0, Fax: +49 (0)211 &#8211; 887-2980, E-Mail: handelsblatt@vhb.de<\/li><\/ul>\n\n\n\n<ul><li><strong>K\u00f6lner Stadt-Anzeiger<\/strong><br>ksta.de<br>Diensteanbieter: DuMont.next GmbH &amp; Co. KG; Registergericht Amtsgericht; K\u00f6ln, HRA 25393; USt.-IdNR.: DE 179 912 781<br>Pers\u00f6nlich haftende Gesellschafterin: DuMont.next Verwaltungs- und Beteiligungs GmbH, Amtsgericht K\u00f6ln, HRB 61587<br>Gesch\u00e4ftsf\u00fchrung: Leo Garb; Amsterdamer Stra\u00dfe 192, 50735 K\u00f6ln; dumontnext(at)dumont.de<br>Verantwortlicher im Sinne des Presserechts und nach \u00a7 10 Abs. 3 MDStV: Martin Dowideit<\/li><\/ul>\n\n\n\n<ul><li><strong>Neues Deutschland<\/strong><br>Erscheint bei: Neues Deutschland Druckerei und Verlag GmbH<br>Franz-Mehring-Platz 1, 10243 Berlin<br>Anschrift: Franz-Mehring-Platz 1, 10243 Berlin<br>Telefon-Sammelnummer: (030)2978-1\u2026 Auskunft: (030) 2978-1111<br>Fax: (030) 2978-1610, E-Mail geschaeftsleitung@nd-online.de bzw. redaktion@nd-online.de<br>Registergericht: Amtsgericht Berlin-Charlottenburg Registernummer: HRB 35216 Umsatzsteuer-Identifikationsnummer gem\u00e4\u00df \u00a7 27 a Umsatzsteuergesetz: DE 137 200 216 Steuer-Nr. 37\/232\/10084<\/li><\/ul>\n\n\n\n<ul><li><strong>NZZ<\/strong><br>Falkenstra\u00dfe 11<br>8021 Z\u00fcrich<br>Telefon: +41 44 258 11 11<br>E-Mail: telefon.empfang@nzz.ch<br>unternehmensleitung@nzz.ch<\/li><\/ul>\n\n\n\n<ul><li><strong>Rheinische Post<\/strong><br>Anschrift: Rheinisch-Bergische Verlagsgesellschaft mbH; Z\u00fclpicher Stra\u00dfe 10; <br>40196 D\u00fcsseldorf; E-Mail: info@rheinische-post.de<br>Tel.: 0211 505 0; Fax: 0211 505 2575<br>www.rheinischepostmediengruppe.de<br>Firmensitz \/ Registergericht: Handelsregister: Sitz D\u00fcsseldorf; Amtsgericht D\u00fcsseldorf, HRB 31858; Umsatzsteuer-Identifikationsnummer: DE 171 396 190<br>Inhaltlich verantwortlich: Oliver Schaal; Leiter Kommunikation &amp; \u00d6ffentlichkeitsarbeit; Rheinisch-Bergische Verlagsgesellschaft mbH<br>Z\u00fclpicher Stra\u00dfe 10; 40196 D\u00fcsseldorf<\/li><\/ul>\n\n\n\n<ul><li><strong>Spiegel<\/strong><br>Das Angebot unter www.spiegel.de besteht aus zwei Teilen:<br>DER SPIEGEL (online)<br>Diensteanbieter f\u00fcr das Angebot unter www.spiegel.de mit Ausnahme s\u00e4mtlicher Seiten, dieals fr\u00fchere Beitr\u00e4ge aus dem Magazin DER SPIEGEL am Ende mit einem Hinweis auf die betreffende Ausgabe (&#8222;DER SPIEGEL Nr.\/Jahr&#8220;) oder durch eine Kennzeichnung mit &#8222;SPIEGEL+&#8220; oder &#8222;S+&#8220; als Teil des Bezahlangebots SPIEGEL+ gekennzeichnet sind, ist die DER SPIEGEL GmbH &amp; Co. KG; Ericusspitze 1; 20457 Hamburg; Tel. 040 3007-0; Fax. 040 3007-2247; E-Mail: spiegel@spiegel.de<br>Komplement\u00e4rin SPIEGEL-Verlag Rudolf Augstein GmbH &amp; Co. KG, Sitz und Registergericht Hamburg HRA 61 755 Komplement\u00e4rin Rudolf Augstein GmbH, Sitz und Registergericht Hamburg, HRB 13 105 Gesch\u00e4ftsf\u00fchrung Thomas Hass (Vorsitzender), Stefan Ottlitz Amtsgericht Hamburg, HRA 123 261, Umsatzsteuer-ID: DE 212 442 423. Verantwortlicher i. S. v. \u00a7 18 Abs. 2 MStV: Steffen Klusmann<br>DER SPIEGEL<br>Diensteanbieter f\u00fcr alle Seiten im Angebot unter www.spiegel.de, die als fr\u00fchere Beitr\u00e4ge aus dem Magazin DER SPIEGEL am Ende mit einem Hinweis auf die betreffende Ausgabe (&#8222;DER SPIEGEL Nr.\/Jahr&#8220;) oder durch eine Kennzeichnung mit &#8222;SPIEGEL+&#8220; oder &#8222;S+&#8220; als Teil des Bezahlangebots SPIEGEL+ gekennzeichnet sind, ist die SPIEGEL-Verlag Rudolf Augstein GmbH &amp; Co. <br>KG Ericusspitze 1; 20457 Hamburg; Tel. 040 3007-0; Fax. 040 3007-2247; E-Mail: spiegel@spiegel.de<br>Komplement\u00e4rin Rudolf Augstein GmbH, Sitz und Registergericht Hamburg, HRB 13 105; Gesch\u00e4ftsf\u00fchrung Thomas Hass (Vorsitzender), Stefan Ottlitz; Amtsgericht Hamburg, HRA 61755, Umsatzsteuer-ID: DE 118 922 410. Verantwortlicher i. S. v. \u00a7 18 Abs. 2 MStV: Steffen Klusmann<\/li><\/ul>\n\n\n\n<ul><li><strong>Stuttgarter Nachrichten<\/strong><br>Diensteanbieter im Sinne des \u00a75 TMG:<br>Stuttgarter Nachrichten Verlagsgesellschaft mbH gesetzlich vertreten durch die Gesch\u00e4ftsf\u00fchrer Herbert Dachs und Alexander Paasch; Plieninger Stra\u00dfe 150; 70567 Stuttgart (Pressehaus); Tel.: 0711 \/ 7205 &#8211; 0; Fax: 0711 \/ 7205 &#8211; 7109; E-Mail: redaktion@stzn.de; Stuttgart HRB 798<br>USt. IdD-Nr. DE 147 830 866<br>Produktion, Produktentwicklung, Sales:<br>MHS Digital GmbH; Postfach 10 44 16; 70039 Stuttgart; E-Mail: info@mhsdigital.de<br>Gesch\u00e4ftsf\u00fchrung: Herbert Dachs, Alexander Kratzer<\/li><\/ul>\n\n\n\n<ul><li><strong>S\u00fcddeutsche Zeitung<\/strong><br>Anbieterin im Sinne des \u00a7 18 MStV, \u00a7 5 (1) TMG<br>S\u00fcddeutsche Zeitung GmbH; Hultschiner Stra\u00dfe 8; 81677 M\u00fcnchen; Tel.: +49 89 2183 0; Fax: +49 89 2183 9777; E-Mail: redaktion@sueddeutsche.de<br>Registergericht: AG M\u00fcnchen, HRB 73315; USt.-Ident-Nummer: DE 811158310<br>Gesch\u00e4ftsf\u00fchrung: Stefan Hilscher, Dr. Karl Ulrich<\/li><\/ul>\n\n\n\n<ul><li><strong>Tagesschau<\/strong><br>F\u00fcr Inhalte der Sendungen &#8222;Tagesschau&#8220;, &#8222;Tagesthemen&#8220; und &#8222;Nachtmagazin&#8220; ist das Sendeteam von ARD-aktuell verantwortlich, f\u00fcr die Auftritte in den sozialen Medien das Social-Media-Team. tagesschau.de<br>Norddeutscher Rundfunk, Anstalt des \u00f6ffentlichen Rechts,  Hugh-Greene-Weg 1; 22529 Hamburg; Ust-Ident-Nummer: DE 1185 09 776; Telefon: 040 \/ 4156-0; Fax: 040 \/ 4156-7419; E-Mail: webmaster [at] tagesschau.de<br>tagesschau.de ist eine ARD-Gemeinschaftseinrichtung mit Sitz beim Norddeutschen Rundfunk in Hamburg. Verantwortlich gem\u00e4\u00df \u00a7 5 TMG und \u00a755 (2) Rundfunkstaatsvertrag ist der Intentdant des NDR, Joachim Knuth. <\/li><\/ul>\n\n\n\n<ul><li><strong>TAZ<\/strong><br>taz Verlags u. Vertriebs GmbH; Friedrichstr. 21; 10969 Berlin; Tel: 030 &#8211; 259 02 -0; E-Mail: impressum@taz.de<br>VERLAG: TAZ Verlags- und Vertriebs GmbH, Friedrichstr. 21, 10969 Berlin; <br>eingetragen beim Amtsgericht Berlin Charlottenburg unter HRB 14548, Umsatzsteuer-Identifikationsnummer: DE136627665<br>Verlagsleitung: Tel. 030 &#8211; 25902 -212 oder -300, Fax: 030 &#8211; 25902 -388<br>Gesch\u00e4ftsf\u00fchrer:in: Aline L\u00fcllmann, Andreas Marggraf<br>VERANTWORTLICHE I. S. V. \u00a7 55 ABS. 2 RSTV; <br>taz.de: Barbara Junge; taz Blogs: Sonja Schmidt; <br>LE MONDE diplomatique: Barbara Bauer; taz FUTURZWEI: Peter Unfried<\/li><\/ul>\n\n\n\n<ul><li><strong>WAZ<\/strong><br>Dienstanbieter: FUNKE Medien NRW GmbH; Jakob-Funke-Platz 1; 45127 Essen; Telefon: 0800 &#8211; 60 60 760 (kostenlos); Telefax: 0201 &#8211; 8 04 1070; E-Mail: kontakt@funkemediennrw.de <br>Registergericht Essen HRB 26063; Umsatzsteuer-Identifikationsnummer: DE286505985<br>Vertretungsberechtigte Gesch\u00e4ftsf\u00fchrer: Thomas Klo\u00df, Christoph R\u00fcth, Andreas Schoo, Michael W\u00fcller<br>Redaktionell verantwortlich: Westdeutsche Allgemeine Zeitung<br>Chefredakteur: Andreas Tyrock; Stellvertreter: Dr. Alexander Marinos; Stellvertreterin und Online-Chefredaktion: Dr. Anne Krum; Jakob-Funke-Platz 1 45127 Essen; Telefon: 0800 &#8211; 60 60 710 (kostenlos); Telefax: 0201 &#8211; 8 04 1070; E-Mail: wir@funkemedien.de<\/li><\/ul>\n\n\n\n<ul><li><strong>Welt<\/strong><br>Axel Springer SE, vertreten durch den Vorstand Dr. Mathias D\u00f6pfner (Vorsitzender), Jan Bayer, Dr. Stephanie Caspar, Dr. Julian Deutz; Axel-Springer-Stra\u00dfe 65; 10969 Berlin; Amtsgericht Charlottenburg HRB 154517 B; Telefon +49 (0) 30 2591 &#8211; 0; Telefax +49 (0) 30 2591 &#8211; 71606; E-Mail kontakt@welt.de; Axel-Springer-Stra\u00dfe 65; 10969 Berlin; USt.-Idnr. DE 136 627 286; Verantwortlich i.S.v. \u00a7 18 Abs. 2 MStV: Oliver Michalsky<\/li><\/ul>\n\n\n\n<h4 class=\"has-text-align-center wp-block-heading\">Englischsprachige Medien<\/h4>\n\n\n\n<ul><li><strong>The SUN<\/strong><br>Registered office: News UK &amp; Ireland Ltd, The News Building, 1 London Bridge Street, London, SE1 9GF.<br>&nbsp;help@thesun.co.uk<\/li><\/ul>\n\n\n\n<ul><li><strong>USA Today<\/strong><br>Associated Newspapers Ltd<br>Northcliffe House<br>2 Derry Street London W8 5TT<br>United Kingdom<br>+44 20 7938 6000<br>Registered in England and Wales with company number 84121<br>VAT Number GB 243 5711 74<br>letters@dailymail.co.uk<br><\/li><li><strong>The Mirror<\/strong><br>One Canada Square, London, E14 5AP<br>ftr@mirror.co.uk<br><\/li><li><strong>Times of India<\/strong><br>Times Internet<br>Ecstasy IT Park<br>Plot 391, Udyog Vihar<br>Phase 3, Gurugram<br>Haryana &#8211; 122016<br>timesfoundation@timesgroup.com<br><\/li><li><strong>WSJ<\/strong><br>1211 Avenue of the Americas, New York City, USA<br>wsjplusteam@wsj.com<br><\/li><li><strong>NY Times<\/strong><br>The New York Times Company<br>620 Eighth Avenue<br>New York, NY 10018<br>Attention: General Counsel<br>212-556-7888<br>nytnews@nytimes.com&nbsp;<br><\/li><li><strong>The Daily Telegraph<\/strong><br>111 Buckingham Palace Road<br>London<br>SW1W 0DT<br>dtnews@telegraph.co.uk<br><\/li><li><strong>Daily Express<\/strong><br>Daily Express, One Canada Square, Canary Wharf, London E14 5AP.<br>news.desk@express.co.uk<br><\/li><li><strong>LA Times<\/strong><br>2300 E. Imperial Highway, El Segundo, CA 90245<br>Phone: (213) 283-2274<br>readers.representative@latimes.com<br><\/li><li><strong>CNN <\/strong><br>One CNN Center<br>Atlanta, GA 30303<br>live@cnn.com<br><\/li><li><strong>Fox News<\/strong><br>1211 Avenue of the Americas, New York City, New York<br>Porter.Berry@foxnews.com<br><\/li><li><strong>The Huffington Post<\/strong><br>BuzzFeed<br>Attn: Copyright Agent<br>111 E. 18th Street, 13th Floor<br>New York, NY 10003<br>licensing@buzzfeed.com<br><\/li><li><strong>Reuters<\/strong><br>Thomson Reuters Copyright Agent<br>Thomson Reuters<br>3 Times Square<br>New York, NY 10036<br>general.info@thomsonreuters.com<br><\/li><li><strong>POLITICO<\/strong><br>Politico LLC, 1000 Wilson Blvd., 8th Floor, Arlington, VA 22209, Attn Legal.<br>newsrelease@politico.com<br><\/li><li><strong>Yahoo News <\/strong><br>701 1st Ave., Sunnyvale, CA 94089<br>kontakt@cc.yahoo-inc.com<\/li><\/ul>\n\n\n\n<ul><li><strong>Breitbart News<\/strong><br>149 South Barrington Avenue Suite 401 Los Angeles, CA 90049 United States<br>emoore@breitbart.com<br><\/li><li><strong>NY Post<\/strong><br>1211&nbsp;Avenue&nbsp;of the Americas New York City 10036 United States<br>online@nypost.com<br><\/li><li><strong>Washington Post<\/strong><br>1301 K Street NW Washington, D.C., U.S. 20071<br>letters@washpost.com<br><\/li><li><strong>The Times<\/strong><br>1&nbsp;London&nbsp;Bridge Place&nbsp;London&nbsp;SE1 9GF<br>home.news@thetimes.co.uk<br><\/li><li><strong>The Guardian<\/strong><br>Kings Place&nbsp;90 York Way&nbsp;London N1 9GU<br>guardian.letters@theguardian.com<br><\/li><\/ul>","protected":false},"excerpt":{"rendered":"<p>Deutschsprachige Medien Augsburger AllgemeinePresse-Druck- und Verlags-GmbH Verlag der Augsburger AllgemeineCurt-Frenzel-Str. 2; 86167 AugsburgPostanschrift: Postfach, 86133 Augsburg; Internet: www.augsburger-allgemeine.de; Telefon: 0821\/777-0Gesch\u00e4ftsf\u00fchrung : Andreas Scherer (Vorsitzender), Alexandra Holland, Edgar Benkler.Handelsregister: HRB 6034, Registergericht Augsburg UST ID Nr. 127493945info@augsburger-allgemeine.de BildVERANTWORTLICH f\u00fcr den Inhalt i.S.d. \u00a7 18 Abs. 2 MStV: Julian Reichelt, Axel-Springer-Stra\u00dfe 65, 10969 Berlin; AXEL SPRINGER SE;&hellip;<\/p>","protected":false},"author":1,"featured_media":0,"parent":0,"menu_order":0,"comment_status":"closed","ping_status":"closed","template":"","meta":{"footnotes":""},"featured_image_urls":{"full":"","thumbnail":"","medium":"","medium_large":"","large":"","1536x1536":"","2048x2048":"","trp-custom-language-flag":"","post-thumbnail":"","twentytwenty-fullscreen":""},"post_excerpt_stackable":"<p>Deutschsprachige Medien Augsburger AllgemeinePresse-Druck- und Verlags-GmbH Verlag der Augsburger AllgemeineCurt-Frenzel-Str. 2; 86167 AugsburgPostanschrift: Postfach, 86133 Augsburg; Internet: www.augsburger-allgemeine.de; Telefon: 0821\/777-0Gesch\u00e4ftsf\u00fchrung : Andreas Scherer (Vorsitzender), Alexandra Holland, Edgar Benkler.Handelsregister: HRB 6034, Registergericht Augsburg UST ID Nr. 127493945info@augsburger-allgemeine.de BildVERANTWORTLICH f\u00fcr den Inhalt i.S.d. \u00a7 18 Abs. 2 MStV: Julian Reichelt, Axel-Springer-Stra\u00dfe 65, 10969 Berlin; AXEL SPRINGER SE; Axel-Springer-Stra\u00dfe 65; 10888 BerlinVERTRETEN DURCH DEN VORSTANDDr. Mathias D\u00f6pfner (Vorsitzender), Jan Bayer, Dr. Stephanie Caspar, Dr. Julian Deutz; Tel. 030-25 91-0; E-Mail: info@bild.de; Sitz Berlin, Amtsgericht Charlottenburg, HRB 154517 B, UST-ID-NR. DE 136 627 286Anbieter der bis zum 31. M\u00e4rz 2018 ver\u00f6ffentlichten Inhalte ist dieBILD&hellip;<\/p>\n","category_list":"","author_info":{"name":"WordpressAdmin","url":"https:\/\/comppress.org\/en\/author\/wordpressadmin\/"},"comments_num":"0 comments","yoast_head":"<!-- This site is optimized with the Yoast SEO plugin v22.0 - https:\/\/yoast.com\/wordpress\/plugins\/seo\/ -->\n<title>COMPPRESS | Publisher Information<\/title>\n<meta name=\"robots\" content=\"index, follow, max-snippet:-1, max-image-preview:large, max-video-preview:-1\" \/>\n<link rel=\"canonical\" href=\"https:\/\/comppress.org\/en\/publisher-information\/\" \/>\n<meta property=\"og:locale\" content=\"en_US\" \/>\n<meta property=\"og:type\" content=\"article\" \/>\n<meta property=\"og:title\" content=\"COMPPRESS | Publisher Information\" \/>\n<meta property=\"og:description\" content=\"Deutschsprachige Medien Augsburger AllgemeinePresse-Druck- und Verlags-GmbH Verlag der Augsburger AllgemeineCurt-Frenzel-Str. 2; 86167 AugsburgPostanschrift: Postfach, 86133 Augsburg; Internet: www.augsburger-allgemeine.de; Telefon: 0821\/777-0Gesch\u00e4ftsf\u00fchrung : Andreas Scherer (Vorsitzender), Alexandra Holland, Edgar Benkler.Handelsregister: HRB 6034, Registergericht Augsburg UST ID Nr. 127493945info@augsburger-allgemeine.de BildVERANTWORTLICH f\u00fcr den Inhalt i.S.d. \u00a7 18 Abs. 2 MStV: Julian Reichelt, Axel-Springer-Stra\u00dfe 65, 10969 Berlin; AXEL SPRINGER SE;&hellip;\" \/>\n<meta property=\"og:url\" content=\"https:\/\/comppress.org\/en\/publisher-information\/\" \/>\n<meta property=\"og:site_name\" content=\"COMPPRESS\" \/>\n<meta property=\"article:modified_time\" content=\"2021-04-08T14:46:34+00:00\" \/>\n<meta name=\"twitter:card\" content=\"summary_large_image\" \/>\n<meta name=\"twitter:label1\" content=\"Est. reading time\" \/>\n\t<meta name=\"twitter:data1\" content=\"8 minutes\" \/>\n<script type=\"application\/ld+json\" class=\"yoast-schema-graph\">{\"@context\":\"https:\/\/schema.org\",\"@graph\":[{\"@type\":\"WebPage\",\"@id\":\"https:\/\/comppress.org\/publisher-information\/\",\"url\":\"https:\/\/comppress.org\/publisher-information\/\",\"name\":\"COMPPRESS | Publisher Information\",\"isPartOf\":{\"@id\":\"https:\/\/comppress.org\/#website\"},\"datePublished\":\"2021-04-08T10:18:05+00:00\",\"dateModified\":\"2021-04-08T14:46:34+00:00\",\"breadcrumb\":{\"@id\":\"https:\/\/comppress.org\/publisher-information\/#breadcrumb\"},\"inLanguage\":\"en-US\",\"potentialAction\":[{\"@type\":\"ReadAction\",\"target\":[\"https:\/\/comppress.org\/publisher-information\/\"]}]},{\"@type\":\"BreadcrumbList\",\"@id\":\"https:\/\/comppress.org\/publisher-information\/#breadcrumb\",\"itemListElement\":[{\"@type\":\"ListItem\",\"position\":1,\"name\":\"Home\",\"item\":\"https:\/\/comppress.org\/\"},{\"@type\":\"ListItem\",\"position\":2,\"name\":\"Publisher Information\"}]},{\"@type\":\"WebSite\",\"@id\":\"https:\/\/comppress.org\/#website\",\"url\":\"https:\/\/comppress.org\/\",\"name\":\"COMPPRESS\",\"description\":\"Verpflichten Sie Journalismus zu Qualit\u00e4t.\",\"publisher\":{\"@id\":\"https:\/\/comppress.org\/#organization\"},\"potentialAction\":[{\"@type\":\"SearchAction\",\"target\":{\"@type\":\"EntryPoint\",\"urlTemplate\":\"https:\/\/comppress.org\/?s={search_term_string}\"},\"query-input\":\"required name=search_term_string\"}],\"inLanguage\":\"en-US\"},{\"@type\":\"Organization\",\"@id\":\"https:\/\/comppress.org\/#organization\",\"name\":\"COMPPRESS e.V.\",\"url\":\"https:\/\/comppress.org\/\",\"logo\":{\"@type\":\"ImageObject\",\"inLanguage\":\"en-US\",\"@id\":\"https:\/\/comppress.org\/#\/schema\/logo\/image\/\",\"url\":\"https:\/\/comppress.org\/wp-content\/uploads\/COMP_PRESS.png\",\"contentUrl\":\"https:\/\/comppress.org\/wp-content\/uploads\/COMP_PRESS.png\",\"width\":512,\"height\":512,\"caption\":\"COMPPRESS e.V.\"},\"image\":{\"@id\":\"https:\/\/comppress.org\/#\/schema\/logo\/image\/\"}}]}<\/script>\n<!-- \/ Yoast SEO plugin. -->","yoast_head_json":{"title":"COMPPRESS | Publisher Information","robots":{"index":"index","follow":"follow","max-snippet":"max-snippet:-1","max-image-preview":"max-image-preview:large","max-video-preview":"max-video-preview:-1"},"canonical":"https:\/\/comppress.org\/en\/publisher-information\/","og_locale":"en_US","og_type":"article","og_title":"COMPPRESS | Publisher Information","og_description":"Deutschsprachige Medien Augsburger AllgemeinePresse-Druck- und Verlags-GmbH Verlag der Augsburger AllgemeineCurt-Frenzel-Str. 2; 86167 AugsburgPostanschrift: Postfach, 86133 Augsburg; Internet: www.augsburger-allgemeine.de; Telefon: 0821\/777-0Gesch\u00e4ftsf\u00fchrung : Andreas Scherer (Vorsitzender), Alexandra Holland, Edgar Benkler.Handelsregister: HRB 6034, Registergericht Augsburg UST ID Nr. 127493945info@augsburger-allgemeine.de BildVERANTWORTLICH f\u00fcr den Inhalt i.S.d. \u00a7 18 Abs. 2 MStV: Julian Reichelt, Axel-Springer-Stra\u00dfe 65, 10969 Berlin; AXEL SPRINGER SE;&hellip;","og_url":"https:\/\/comppress.org\/en\/publisher-information\/","og_site_name":"COMPPRESS","article_modified_time":"2021-04-08T14:46:34+00:00","twitter_card":"summary_large_image","twitter_misc":{"Est. reading time":"8 minutes"},"schema":{"@context":"https:\/\/schema.org","@graph":[{"@type":"WebPage","@id":"https:\/\/comppress.org\/publisher-information\/","url":"https:\/\/comppress.org\/publisher-information\/","name":"COMPPRESS | Publisher Information","isPartOf":{"@id":"https:\/\/comppress.org\/#website"},"datePublished":"2021-04-08T10:18:05+00:00","dateModified":"2021-04-08T14:46:34+00:00","breadcrumb":{"@id":"https:\/\/comppress.org\/publisher-information\/#breadcrumb"},"inLanguage":"en-US","potentialAction":[{"@type":"ReadAction","target":["https:\/\/comppress.org\/publisher-information\/"]}]},{"@type":"BreadcrumbList","@id":"https:\/\/comppress.org\/publisher-information\/#breadcrumb","itemListElement":[{"@type":"ListItem","position":1,"name":"Home","item":"https:\/\/comppress.org\/"},{"@type":"ListItem","position":2,"name":"Publisher Information"}]},{"@type":"WebSite","@id":"https:\/\/comppress.org\/#website","url":"https:\/\/comppress.org\/","name":"COMPPRESS","description":"Verpflichten Sie Journalismus zu Qualit\u00e4t.","publisher":{"@id":"https:\/\/comppress.org\/#organization"},"potentialAction":[{"@type":"SearchAction","target":{"@type":"EntryPoint","urlTemplate":"https:\/\/comppress.org\/?s={search_term_string}"},"query-input":"required name=search_term_string"}],"inLanguage":"en-US"},{"@type":"Organization","@id":"https:\/\/comppress.org\/#organization","name":"COMPPRESS e.V.","url":"https:\/\/comppress.org\/","logo":{"@type":"ImageObject","inLanguage":"en-US","@id":"https:\/\/comppress.org\/#\/schema\/logo\/image\/","url":"https:\/\/comppress.org\/wp-content\/uploads\/COMP_PRESS.png","contentUrl":"https:\/\/comppress.org\/wp-content\/uploads\/COMP_PRESS.png","width":512,"height":512,"caption":"COMPPRESS e.V."},"image":{"@id":"https:\/\/comppress.org\/#\/schema\/logo\/image\/"}}]}},"_links":{"self":[{"href":"https:\/\/comppress.org\/en\/wp-json\/wp\/v2\/pages\/1002"}],"collection":[{"href":"https:\/\/comppress.org\/en\/wp-json\/wp\/v2\/pages"}],"about":[{"href":"https:\/\/comppress.org\/en\/wp-json\/wp\/v2\/types\/page"}],"author":[{"embeddable":true,"href":"https:\/\/comppress.org\/en\/wp-json\/wp\/v2\/users\/1"}],"replies":[{"embeddable":true,"href":"https:\/\/comppress.org\/en\/wp-json\/wp\/v2\/comments?post=1002"}],"version-history":[{"count":14,"href":"https:\/\/comppress.org\/en\/wp-json\/wp\/v2\/pages\/1002\/revisions"}],"predecessor-version":[{"id":1024,"href":"https:\/\/comppress.org\/en\/wp-json\/wp\/v2\/pages\/1002\/revisions\/1024"}],"wp:attachment":[{"href":"https:\/\/comppress.org\/en\/wp-json\/wp\/v2\/media?parent=1002"}],"curies":[{"name":"wp","href":"https:\/\/api.w.org\/{rel}","templated":true}]}}